{"id":8144,"date":"2020-04-04T10:03:39","date_gmt":"2020-04-04T08:03:39","guid":{"rendered":"https:\/\/teddyshatsworld.com\/?post_type=product&#038;p=8144"},"modified":"2020-04-06T13:30:17","modified_gmt":"2020-04-06T11:30:17","slug":"set-fur-neugeborene-schlamutze-und-kurzhose","status":"publish","type":"product","link":"https:\/\/teddyshatsworld.com\/de\/produkt\/set-fur-neugeborene-schlamutze-und-kurzhose\/","title":{"rendered":"Set f\u00fcr Neugeborene &#8211; Schlafm\u00fctze und Kurzhose &#8222;Alpaca&#8220;"},"content":{"rendered":"<p>Ein wundersch\u00f6nes Set f\u00fcrs Fotoshooting: Schlafm\u00fctze und Kurzhose<\/p>\n<p>Gr\u00f6\u00dfe: Neugeborene<\/p>\n<p>Handw\u00e4sche, max. 30\u00b0C \/ liegend trocknen<\/p>\n<p>auf Bestellung, versandfertig in 2 Wochen<\/p>\n<p>Bitte schreiben Sie mir ein E-mail, wenn Sie nur Fragen haben \ud83d\ude42<\/p>\n<p>&nbsp;<\/p>\n<p>Brauchen Sie einen Strampler oder eine Decke zu diesem Set? Unten finden Sie passende Accessoires \u2193<\/p>\n","protected":false},"excerpt":{"rendered":"<p><em>versandfertig in 2 Wochen<\/em><\/p>\n","protected":false},"featured_media":10408,"comment_status":"open","ping_status":"closed","template":"","meta":{"_monsterinsights_skip_tracking":false,"_monsterinsights_sitenote_active":false,"_monsterinsights_sitenote_note":"","_monsterinsights_sitenote_category":0},"product_brand":[],"product_cat":[126],"product_tag":[434,435,316,336,433,432,438,439],"class_list":{"0":"post-8144","1":"product","2":"type-product","3":"status-publish","4":"has-post-thumbnail","6":"product_cat-sets-de","7":"product_tag-elf-mutzchen","8":"product_tag-elf-mutze","9":"product_tag-fotoaccessoires-de-4","10":"product_tag-fotoshoote","11":"product_tag-schlafmutzchen","12":"product_tag-schlafmutze","13":"product_tag-set-schlafmutze-und-kurzhose","14":"product_tag-set-schlafmutze","16":"first","17":"instock","18":"shipping-taxable","19":"purchasable","20":"product-type-variable"},"_links":{"self":[{"href":"https:\/\/teddyshatsworld.com\/de\/wp-json\/wp\/v2\/product\/8144","targetHints":{"allow":["GET"]}}],"collection":[{"href":"https:\/\/teddyshatsworld.com\/de\/wp-json\/wp\/v2\/product"}],"about":[{"href":"https:\/\/teddyshatsworld.com\/de\/wp-json\/wp\/v2\/types\/product"}],"replies":[{"embeddable":true,"href":"https:\/\/teddyshatsworld.com\/de\/wp-json\/wp\/v2\/comments?post=8144"}],"wp:featuredmedia":[{"embeddable":true,"href":"https:\/\/teddyshatsworld.com\/de\/wp-json\/wp\/v2\/media\/10408"}],"wp:attachment":[{"href":"https:\/\/teddyshatsworld.com\/de\/wp-json\/wp\/v2\/media?parent=8144"}],"wp:term":[{"taxonomy":"product_brand","embeddable":true,"href":"https:\/\/teddyshatsworld.com\/de\/wp-json\/wp\/v2\/product_brand?post=8144"},{"taxonomy":"product_cat","embeddable":true,"href":"https:\/\/teddyshatsworld.com\/de\/wp-json\/wp\/v2\/product_cat?post=8144"},{"taxonomy":"product_tag","embeddable":true,"href":"https:\/\/teddyshatsworld.com\/de\/wp-json\/wp\/v2\/product_tag?post=8144"}],"curies":[{"name":"wp","href":"https:\/\/api.w.org\/{rel}","templated":true}]}}