{"id":7753,"date":"2020-04-03T15:57:48","date_gmt":"2020-04-03T13:57:48","guid":{"rendered":"https:\/\/teddyshatsworld.com\/?post_type=product&#038;p=7753"},"modified":"2020-06-07T21:33:48","modified_gmt":"2020-06-07T19:33:48","slug":"schlafmutze-alpaca","status":"publish","type":"product","link":"https:\/\/teddyshatsworld.com\/de\/produkt\/schlafmutze-alpaca\/","title":{"rendered":"Schlafm\u00fctze &#8222;Alpaca&#8220;"},"content":{"rendered":"<p>Eine wundersch\u00f6ne Schlafm\u00fctze f\u00fcr Neugeborenen- und Kinderfotografie.<\/p>\n<p>Gr\u00f6\u00dfe: Neugeborene<\/p>\n<p>Handw\u00e4sche, max. 30\u00b0C \/ liegend trocknen<\/p>\n<p>auf Bestellung, versandfertig in 2 Wochen<\/p>\n<p>Bitte schreiben Sie mir ein E-mail, wenn Sie nur Fragen haben \ud83d\ude42<\/p>\n<p>&nbsp;<\/p>\n<p>Brauchen Sie einen Strampler oder eine Decke zu dieser M\u00fctze? Unten finden Sie passende Accessoires \u2193<\/p>\n","protected":false},"excerpt":{"rendered":"<p><em>versandfertig in 2 Wochen<\/em><\/p>\n","protected":false},"featured_media":8062,"comment_status":"open","ping_status":"closed","template":"","meta":{"_monsterinsights_skip_tracking":false,"_monsterinsights_sitenote_active":false,"_monsterinsights_sitenote_note":"","_monsterinsights_sitenote_category":0},"product_brand":[],"product_cat":[123],"product_tag":[434,435,316,336,433,432],"class_list":{"0":"post-7753","1":"product","2":"type-product","3":"status-publish","4":"has-post-thumbnail","6":"product_cat-mutzchen-de","7":"product_tag-elf-mutzchen","8":"product_tag-elf-mutze","9":"product_tag-fotoaccessoires-de-4","10":"product_tag-fotoshoote","11":"product_tag-schlafmutzchen","12":"product_tag-schlafmutze","14":"first","15":"instock","16":"shipping-taxable","17":"purchasable","18":"product-type-variable"},"_links":{"self":[{"href":"https:\/\/teddyshatsworld.com\/de\/wp-json\/wp\/v2\/product\/7753","targetHints":{"allow":["GET"]}}],"collection":[{"href":"https:\/\/teddyshatsworld.com\/de\/wp-json\/wp\/v2\/product"}],"about":[{"href":"https:\/\/teddyshatsworld.com\/de\/wp-json\/wp\/v2\/types\/product"}],"replies":[{"embeddable":true,"href":"https:\/\/teddyshatsworld.com\/de\/wp-json\/wp\/v2\/comments?post=7753"}],"wp:featuredmedia":[{"embeddable":true,"href":"https:\/\/teddyshatsworld.com\/de\/wp-json\/wp\/v2\/media\/8062"}],"wp:attachment":[{"href":"https:\/\/teddyshatsworld.com\/de\/wp-json\/wp\/v2\/media?parent=7753"}],"wp:term":[{"taxonomy":"product_brand","embeddable":true,"href":"https:\/\/teddyshatsworld.com\/de\/wp-json\/wp\/v2\/product_brand?post=7753"},{"taxonomy":"product_cat","embeddable":true,"href":"https:\/\/teddyshatsworld.com\/de\/wp-json\/wp\/v2\/product_cat?post=7753"},{"taxonomy":"product_tag","embeddable":true,"href":"https:\/\/teddyshatsworld.com\/de\/wp-json\/wp\/v2\/product_tag?post=7753"}],"curies":[{"name":"wp","href":"https:\/\/api.w.org\/{rel}","templated":true}]}}