{"id":5498,"date":"2020-04-02T09:09:54","date_gmt":"2020-04-02T07:09:54","guid":{"rendered":"https:\/\/teddyshatsworld.com\/?post_type=product&#038;p=5498"},"modified":"2020-04-05T14:49:28","modified_gmt":"2020-04-05T12:49:28","slug":"set-barchen-berberitzen-fur-neugeborene-und-kinder","status":"publish","type":"product","link":"https:\/\/teddyshatsworld.com\/de\/produkt\/set-barchen-berberitzen-fur-neugeborene-und-kinder\/","title":{"rendered":"Set B\u00e4rchen &#8222;Berberitzen&#8220; f\u00fcr Neugeborene und Kinder"},"content":{"rendered":"<p>Ein wundersch\u00f6nes Set f\u00fcr Neugeborenen- und Kinderfotografie.<\/p>\n<p>Strampler mit Langhosen und langen \u00c4rmeln und dazu ein passendes M\u00fctzchen mit B\u00e4rchen Ohren<\/p>\n<p>f\u00fcr die Gr\u00f6\u00dfe: Neugeborene, 1-3 Monate und 3-6 Monate stricke ich\u00a0 Strampler mit F\u00fc\u00dfchen, die Strampler f\u00fcr gr\u00f6\u00dfere Kinder stricke ich ohne F\u00fc\u00dfchen<\/p>\n<p>Handw\u00e4sche, max. 30\u00b0C \/ liegend trocknen<\/p>\n<p>auf Bestellung, versandfertig in 2 Wochen<\/p>\n<p>Bitte schreiben Sie mir ein E-mail, wenn Sie nur Fragen haben \ud83d\ude42<\/p>\n","protected":false},"excerpt":{"rendered":"<p><em>versandfertig in 2 Wochen<\/em><\/p>\n","protected":false},"featured_media":5661,"comment_status":"open","ping_status":"closed","template":"","meta":{"_monsterinsights_skip_tracking":false,"_monsterinsights_sitenote_active":false,"_monsterinsights_sitenote_note":"","_monsterinsights_sitenote_category":0},"product_brand":[],"product_cat":[125,126],"product_tag":[280,279,277,278],"class_list":{"0":"post-5498","1":"product","2":"type-product","3":"status-publish","4":"has-post-thumbnail","6":"product_cat-props-fur-kinder","7":"product_cat-sets-de","8":"product_tag-barchen-outfit-de","9":"product_tag-barchen-set-de","10":"product_tag-fotoaccessoires-de-3","11":"product_tag-set-bar","13":"first","14":"instock","15":"shipping-taxable","16":"purchasable","17":"product-type-variable","18":"has-default-attributes"},"_links":{"self":[{"href":"https:\/\/teddyshatsworld.com\/de\/wp-json\/wp\/v2\/product\/5498","targetHints":{"allow":["GET"]}}],"collection":[{"href":"https:\/\/teddyshatsworld.com\/de\/wp-json\/wp\/v2\/product"}],"about":[{"href":"https:\/\/teddyshatsworld.com\/de\/wp-json\/wp\/v2\/types\/product"}],"replies":[{"embeddable":true,"href":"https:\/\/teddyshatsworld.com\/de\/wp-json\/wp\/v2\/comments?post=5498"}],"wp:featuredmedia":[{"embeddable":true,"href":"https:\/\/teddyshatsworld.com\/de\/wp-json\/wp\/v2\/media\/5661"}],"wp:attachment":[{"href":"https:\/\/teddyshatsworld.com\/de\/wp-json\/wp\/v2\/media?parent=5498"}],"wp:term":[{"taxonomy":"product_brand","embeddable":true,"href":"https:\/\/teddyshatsworld.com\/de\/wp-json\/wp\/v2\/product_brand?post=5498"},{"taxonomy":"product_cat","embeddable":true,"href":"https:\/\/teddyshatsworld.com\/de\/wp-json\/wp\/v2\/product_cat?post=5498"},{"taxonomy":"product_tag","embeddable":true,"href":"https:\/\/teddyshatsworld.com\/de\/wp-json\/wp\/v2\/product_tag?post=5498"}],"curies":[{"name":"wp","href":"https:\/\/api.w.org\/{rel}","templated":true}]}}