{"id":3683,"date":"2020-03-29T10:01:31","date_gmt":"2020-03-29T08:01:31","guid":{"rendered":"https:\/\/teddyshatsworld.com\/?post_type=product&#038;p=3683"},"modified":"2020-03-30T19:04:52","modified_gmt":"2020-03-30T17:04:52","slug":"biene-decke-mit-mutze","status":"publish","type":"product","link":"https:\/\/teddyshatsworld.com\/de\/produkt\/biene-decke-mit-mutze\/","title":{"rendered":"Biene &#8211; Decke mit M\u00fctze (einteiliges Set)"},"content":{"rendered":"<p>Eine Bienenm\u00fctze mit Decke wird aus herrlich weiches Effektgarn gestrickt. Die M\u00fctze wird zur Decke gen\u00e4ht und man kann sie nicht separat benutzen.<\/p>\n<p>auf Bestellung<\/p>\n<p>versandfertig in 2 Wochen<\/p>\n<p>Handw\u00e4sche, max. 30\u00b0C \/ liegend trocknen<\/p>\n","protected":false},"excerpt":{"rendered":"<p><em>versandfertig in 2 Wochen<\/em><\/p>\n","protected":false},"featured_media":3699,"comment_status":"open","ping_status":"closed","template":"","meta":{"_monsterinsights_skip_tracking":false,"_monsterinsights_sitenote_active":false,"_monsterinsights_sitenote_note":"","_monsterinsights_sitenote_category":0},"product_brand":[],"product_cat":[371],"product_tag":[383,382,336,384,381,389,380,385,390],"class_list":{"0":"post-3683","1":"product","2":"type-product","3":"status-publish","4":"has-post-thumbnail","6":"product_cat-decken-cocoons","7":"product_tag-cocoon-de","8":"product_tag-coocon","9":"product_tag-fotoshoote","10":"product_tag-mutzchen-mit-decke-de","11":"product_tag-mutzchen-mit-decke","12":"product_tag-mutze-biene","13":"product_tag-mutze-mit-wrap","14":"product_tag-mutze-mit-wrap-de","15":"product_tag-set-biene","17":"first","18":"instock","19":"shipping-taxable","20":"purchasable","21":"product-type-simple"},"_links":{"self":[{"href":"https:\/\/teddyshatsworld.com\/de\/wp-json\/wp\/v2\/product\/3683","targetHints":{"allow":["GET"]}}],"collection":[{"href":"https:\/\/teddyshatsworld.com\/de\/wp-json\/wp\/v2\/product"}],"about":[{"href":"https:\/\/teddyshatsworld.com\/de\/wp-json\/wp\/v2\/types\/product"}],"replies":[{"embeddable":true,"href":"https:\/\/teddyshatsworld.com\/de\/wp-json\/wp\/v2\/comments?post=3683"}],"wp:featuredmedia":[{"embeddable":true,"href":"https:\/\/teddyshatsworld.com\/de\/wp-json\/wp\/v2\/media\/3699"}],"wp:attachment":[{"href":"https:\/\/teddyshatsworld.com\/de\/wp-json\/wp\/v2\/media?parent=3683"}],"wp:term":[{"taxonomy":"product_brand","embeddable":true,"href":"https:\/\/teddyshatsworld.com\/de\/wp-json\/wp\/v2\/product_brand?post=3683"},{"taxonomy":"product_cat","embeddable":true,"href":"https:\/\/teddyshatsworld.com\/de\/wp-json\/wp\/v2\/product_cat?post=3683"},{"taxonomy":"product_tag","embeddable":true,"href":"https:\/\/teddyshatsworld.com\/de\/wp-json\/wp\/v2\/product_tag?post=3683"}],"curies":[{"name":"wp","href":"https:\/\/api.w.org\/{rel}","templated":true}]}}