{"id":3372,"date":"2020-03-26T14:24:56","date_gmt":"2020-03-26T13:24:56","guid":{"rendered":"https:\/\/teddyshatsworld.com\/?post_type=product&#038;p=3372"},"modified":"2020-04-06T13:17:59","modified_gmt":"2020-04-06T11:17:59","slug":"yoda-mutze-fur-neugeborene","status":"publish","type":"product","link":"https:\/\/teddyshatsworld.com\/de\/produkt\/yoda-mutze-fur-neugeborene\/","title":{"rendered":"Yoda M\u00fctze f\u00fcr Neugeborene"},"content":{"rendered":"<p>Das gestickte M\u00fctze mit Yoda Ohren f\u00fcrs Fotoshooting<\/p>\n<p>Gr\u00f6\u00dfe: Neugeborene<\/p>\n<p>auf Bestellung<\/p>\n<p>versandfertig in 2 Wochen<\/p>\n<p>Handw\u00e4sche, max. 30\u00b0C \/ liegend trocknen<\/p>\n","protected":false},"excerpt":{"rendered":"<p><em>versandfertig in 2 Wochen<\/em><\/p>\n","protected":false},"featured_media":1219,"comment_status":"open","ping_status":"closed","template":"","meta":{"_monsterinsights_skip_tracking":false,"_monsterinsights_sitenote_active":false,"_monsterinsights_sitenote_note":"","_monsterinsights_sitenote_category":0},"product_brand":[],"product_cat":[123],"product_tag":[336,335,331,333,332,334],"class_list":{"0":"post-3372","1":"product","2":"type-product","3":"status-publish","4":"has-post-thumbnail","6":"product_cat-mutzchen-de","7":"product_tag-fotoshoote","8":"product_tag-mutzchen-yoda-fur-kinder","9":"product_tag-mutze-yoda","10":"product_tag-yoda-kleidung","11":"product_tag-yoda-mutzchen","12":"product_tag-yoda-mutze-fur-neugeborene","14":"first","15":"instock","16":"shipping-taxable","17":"purchasable","18":"product-type-simple"},"_links":{"self":[{"href":"https:\/\/teddyshatsworld.com\/de\/wp-json\/wp\/v2\/product\/3372","targetHints":{"allow":["GET"]}}],"collection":[{"href":"https:\/\/teddyshatsworld.com\/de\/wp-json\/wp\/v2\/product"}],"about":[{"href":"https:\/\/teddyshatsworld.com\/de\/wp-json\/wp\/v2\/types\/product"}],"replies":[{"embeddable":true,"href":"https:\/\/teddyshatsworld.com\/de\/wp-json\/wp\/v2\/comments?post=3372"}],"wp:featuredmedia":[{"embeddable":true,"href":"https:\/\/teddyshatsworld.com\/de\/wp-json\/wp\/v2\/media\/1219"}],"wp:attachment":[{"href":"https:\/\/teddyshatsworld.com\/de\/wp-json\/wp\/v2\/media?parent=3372"}],"wp:term":[{"taxonomy":"product_brand","embeddable":true,"href":"https:\/\/teddyshatsworld.com\/de\/wp-json\/wp\/v2\/product_brand?post=3372"},{"taxonomy":"product_cat","embeddable":true,"href":"https:\/\/teddyshatsworld.com\/de\/wp-json\/wp\/v2\/product_cat?post=3372"},{"taxonomy":"product_tag","embeddable":true,"href":"https:\/\/teddyshatsworld.com\/de\/wp-json\/wp\/v2\/product_tag?post=3372"}],"curies":[{"name":"wp","href":"https:\/\/api.w.org\/{rel}","templated":true}]}}