{"id":2857,"date":"2020-03-24T11:47:33","date_gmt":"2020-03-24T10:47:33","guid":{"rendered":"https:\/\/teddyshatsworld.com\/?post_type=product&#038;p=2857"},"modified":"2023-09-19T09:55:42","modified_gmt":"2023-09-19T07:55:42","slug":"set-hase-body-und-mutze","status":"publish","type":"product","link":"https:\/\/teddyshatsworld.com\/de\/produkt\/set-hase-body-und-mutze\/","title":{"rendered":"Set Hase &#8211; Body und M\u00fctze mit Hasenohren"},"content":{"rendered":"<p>Ein wundersch\u00f6nes Set f\u00fcr Kinderfotografie.<\/p>\n<p>Body mit langen \u00c4rmeln und dazu ein passendes M\u00fctzchen mit Hasenohren.<\/p>\n<p>Hauptfoto: Set in Farbe 5<\/p>\n<p>Handw\u00e4sche, max. 30\u00b0C \/ liegend trocknen<\/p>\n<p>&nbsp;<\/p>\n<p>Bitte schreiben Sie mir ein E-mail, wenn Sie nur Fragen haben \ud83d\ude42<\/p>\n","protected":false},"excerpt":{"rendered":"<p><em>versandfertig in 2 Wochen<\/em><\/p>\n","protected":false},"featured_media":3041,"comment_status":"open","ping_status":"closed","template":"","meta":{"_monsterinsights_skip_tracking":false,"_monsterinsights_sitenote_active":false,"_monsterinsights_sitenote_note":"","_monsterinsights_sitenote_category":0},"product_brand":[],"product_cat":[125],"product_tag":[182,295,297,296,298,193,191,294,293],"class_list":{"0":"post-2857","1":"product","2":"type-product","3":"status-publish","4":"has-post-thumbnail","6":"product_cat-props-fur-kinder","7":"product_tag-fotoaccessoires-de","8":"product_tag-fotoshooting-de","9":"product_tag-kleidung-haschen","10":"product_tag-kleidung-hase","11":"product_tag-outfit-hase","12":"product_tag-set-fur-babies","13":"product_tag-set-fur-kinder","14":"product_tag-set-haschen","15":"product_tag-set-hase-de","17":"first","18":"instock","19":"shipping-taxable","20":"purchasable","21":"product-type-variable"},"_links":{"self":[{"href":"https:\/\/teddyshatsworld.com\/de\/wp-json\/wp\/v2\/product\/2857","targetHints":{"allow":["GET"]}}],"collection":[{"href":"https:\/\/teddyshatsworld.com\/de\/wp-json\/wp\/v2\/product"}],"about":[{"href":"https:\/\/teddyshatsworld.com\/de\/wp-json\/wp\/v2\/types\/product"}],"replies":[{"embeddable":true,"href":"https:\/\/teddyshatsworld.com\/de\/wp-json\/wp\/v2\/comments?post=2857"}],"wp:featuredmedia":[{"embeddable":true,"href":"https:\/\/teddyshatsworld.com\/de\/wp-json\/wp\/v2\/media\/3041"}],"wp:attachment":[{"href":"https:\/\/teddyshatsworld.com\/de\/wp-json\/wp\/v2\/media?parent=2857"}],"wp:term":[{"taxonomy":"product_brand","embeddable":true,"href":"https:\/\/teddyshatsworld.com\/de\/wp-json\/wp\/v2\/product_brand?post=2857"},{"taxonomy":"product_cat","embeddable":true,"href":"https:\/\/teddyshatsworld.com\/de\/wp-json\/wp\/v2\/product_cat?post=2857"},{"taxonomy":"product_tag","embeddable":true,"href":"https:\/\/teddyshatsworld.com\/de\/wp-json\/wp\/v2\/product_tag?post=2857"}],"curies":[{"name":"wp","href":"https:\/\/api.w.org\/{rel}","templated":true}]}}