{"id":20497,"date":"2026-03-02T20:47:59","date_gmt":"2026-03-02T19:47:59","guid":{"rendered":"https:\/\/teddyshatsworld.com\/?post_type=product&#038;p=20497"},"modified":"2026-03-02T21:02:53","modified_gmt":"2026-03-02T20:02:53","slug":"set-hase-fur-babyfotografie-kopia-2","status":"publish","type":"product","link":"https:\/\/teddyshatsworld.com\/de\/produkt\/set-hase-fur-babyfotografie-kopia-2\/","title":{"rendered":"Set Hase f\u00fcr Babyfotografie: Strampler+M\u00fctze"},"content":{"rendered":"<p>Ein wundersch\u00f6nes Set Hase f\u00fcr Kinderfotografie.<\/p>\n<p>Strampler mit Langhosen und langen \u00c4rmeln und dazu eine wundesch\u00f6nne <b>M\u00fctze<\/b><\/p>\n<p>Hauptfoto: Set in Farbe 1, Ohren Farbe 4<\/p>\n<p>Handw\u00e4sche, max. 30\u00b0C \/ liegend trocknen<\/p>\n<p>Bitte schreiben Sie mir ein E-mail, wenn Sie nur Fragen haben \ud83d\ude42<\/p>\n","protected":false},"excerpt":{"rendered":"<p><em>versandfertig in 2 Wochen<\/em><\/p>\n","protected":false},"featured_media":20650,"comment_status":"open","ping_status":"closed","template":"","meta":{"_monsterinsights_skip_tracking":false,"_monsterinsights_sitenote_active":false,"_monsterinsights_sitenote_note":"","_monsterinsights_sitenote_category":0},"product_brand":[],"product_cat":[125],"product_tag":[182,268,240,267],"class_list":{"0":"post-20497","1":"product","2":"type-product","3":"status-publish","4":"has-post-thumbnail","6":"product_cat-props-fur-kinder","7":"product_tag-fotoaccessoires-de","8":"product_tag-newborn-set-hase","9":"product_tag-reh-fotoaccessoire","10":"product_tag-set-hase","12":"first","13":"instock","14":"shipping-taxable","15":"purchasable","16":"product-type-variable","17":"has-default-attributes"},"_links":{"self":[{"href":"https:\/\/teddyshatsworld.com\/de\/wp-json\/wp\/v2\/product\/20497","targetHints":{"allow":["GET"]}}],"collection":[{"href":"https:\/\/teddyshatsworld.com\/de\/wp-json\/wp\/v2\/product"}],"about":[{"href":"https:\/\/teddyshatsworld.com\/de\/wp-json\/wp\/v2\/types\/product"}],"replies":[{"embeddable":true,"href":"https:\/\/teddyshatsworld.com\/de\/wp-json\/wp\/v2\/comments?post=20497"}],"wp:featuredmedia":[{"embeddable":true,"href":"https:\/\/teddyshatsworld.com\/de\/wp-json\/wp\/v2\/media\/20650"}],"wp:attachment":[{"href":"https:\/\/teddyshatsworld.com\/de\/wp-json\/wp\/v2\/media?parent=20497"}],"wp:term":[{"taxonomy":"product_brand","embeddable":true,"href":"https:\/\/teddyshatsworld.com\/de\/wp-json\/wp\/v2\/product_brand?post=20497"},{"taxonomy":"product_cat","embeddable":true,"href":"https:\/\/teddyshatsworld.com\/de\/wp-json\/wp\/v2\/product_cat?post=20497"},{"taxonomy":"product_tag","embeddable":true,"href":"https:\/\/teddyshatsworld.com\/de\/wp-json\/wp\/v2\/product_tag?post=20497"}],"curies":[{"name":"wp","href":"https:\/\/api.w.org\/{rel}","templated":true}]}}