{"id":19935,"date":"2025-05-31T15:48:41","date_gmt":"2025-05-31T13:48:41","guid":{"rendered":"https:\/\/teddyshatsworld.com\/?post_type=product&#038;p=19935"},"modified":"2025-05-31T16:01:46","modified_gmt":"2025-05-31T14:01:46","slug":"set-4-mutze-romper-und-schwanz","status":"publish","type":"product","link":"https:\/\/teddyshatsworld.com\/de\/produkt\/set-4-mutze-romper-und-schwanz\/","title":{"rendered":"Set &#8211; 4 M\u00fctze + Romper und Schwanz von Katze"},"content":{"rendered":"<p>Ein wundersch\u00f6nes Set f\u00fcr Neugeborenen- und Kinderfotografie.<\/p>\n<p>Strampler mit Langhosen und langen \u00c4rmeln, dazu passende 4 M\u00fctzchen und Schwanz von Katze<\/p>\n<p>auf Bestellung, versandfertig in 2 Wochen<\/p>\n<p>Bitte schreiben Sie mir ein E-mail, wenn Sie nur Fragen haben \ud83d\ude42<\/p>\n","protected":false},"excerpt":{"rendered":"<p><em>versandfertig in 2 Wochen<\/em><\/p>\n","protected":false},"featured_media":20031,"comment_status":"open","ping_status":"closed","template":"","meta":{"_monsterinsights_skip_tracking":false,"_monsterinsights_sitenote_active":false,"_monsterinsights_sitenote_note":"","_monsterinsights_sitenote_category":0},"product_brand":[],"product_cat":[126],"product_tag":[280,279,277,278],"class_list":{"0":"post-19935","1":"product","2":"type-product","3":"status-publish","4":"has-post-thumbnail","6":"product_cat-sets-de","7":"product_tag-barchen-outfit-de","8":"product_tag-barchen-set-de","9":"product_tag-fotoaccessoires-de-3","10":"product_tag-set-bar","12":"first","13":"instock","14":"shipping-taxable","15":"purchasable","16":"product-type-variable","17":"has-default-attributes"},"_links":{"self":[{"href":"https:\/\/teddyshatsworld.com\/de\/wp-json\/wp\/v2\/product\/19935","targetHints":{"allow":["GET"]}}],"collection":[{"href":"https:\/\/teddyshatsworld.com\/de\/wp-json\/wp\/v2\/product"}],"about":[{"href":"https:\/\/teddyshatsworld.com\/de\/wp-json\/wp\/v2\/types\/product"}],"replies":[{"embeddable":true,"href":"https:\/\/teddyshatsworld.com\/de\/wp-json\/wp\/v2\/comments?post=19935"}],"wp:featuredmedia":[{"embeddable":true,"href":"https:\/\/teddyshatsworld.com\/de\/wp-json\/wp\/v2\/media\/20031"}],"wp:attachment":[{"href":"https:\/\/teddyshatsworld.com\/de\/wp-json\/wp\/v2\/media?parent=19935"}],"wp:term":[{"taxonomy":"product_brand","embeddable":true,"href":"https:\/\/teddyshatsworld.com\/de\/wp-json\/wp\/v2\/product_brand?post=19935"},{"taxonomy":"product_cat","embeddable":true,"href":"https:\/\/teddyshatsworld.com\/de\/wp-json\/wp\/v2\/product_cat?post=19935"},{"taxonomy":"product_tag","embeddable":true,"href":"https:\/\/teddyshatsworld.com\/de\/wp-json\/wp\/v2\/product_tag?post=19935"}],"curies":[{"name":"wp","href":"https:\/\/api.w.org\/{rel}","templated":true}]}}