{"id":19363,"date":"2024-02-12T18:04:45","date_gmt":"2024-02-12T17:04:45","guid":{"rendered":"https:\/\/teddyshatsworld.com\/?post_type=product&#038;p=19363"},"modified":"2024-02-12T18:56:10","modified_gmt":"2024-02-12T17:56:10","slug":"mutze-hase-mit-ohren-fur-kinder-lowenzahn","status":"publish","type":"product","link":"https:\/\/teddyshatsworld.com\/de\/produkt\/mutze-hase-mit-ohren-fur-kinder-lowenzahn\/","title":{"rendered":"M\u00fctze Hase mit Ohren f\u00fcr Kinder &#8218;L\u00f6wenzahn&#8216;"},"content":{"rendered":"<p>Eine richtig s\u00fc\u00dfe M\u00fctze speziell f\u00fcr die Babyfotografie von Kindern geeignet.<\/p>\n<p>Die M\u00fctze ist ganz weich und aus hochwertiger Wolle angefertigt. Ein wundersch\u00f6nes Accessoires f\u00fcr die sch\u00f6nsten Lieblingsbilder.<\/p>\n<p>auf Bestellung<\/p>\n<p>versandfertig in 2 Wochen<\/p>\n<p>Handw\u00e4sche, max. 30\u00b0C \/ liegend trocknen<\/p>\n","protected":false},"excerpt":{"rendered":"<p><em>versandfertig in 2 Wochen<\/em><\/p>\n","protected":false},"featured_media":19697,"comment_status":"open","ping_status":"closed","template":"","meta":{"_monsterinsights_skip_tracking":false,"_monsterinsights_sitenote_active":false,"_monsterinsights_sitenote_note":"","_monsterinsights_sitenote_category":0},"product_brand":[],"product_cat":[123,125],"product_tag":[313,311],"class_list":{"0":"post-19363","1":"product","2":"type-product","3":"status-publish","4":"has-post-thumbnail","6":"product_cat-mutzchen-de","7":"product_cat-props-fur-kinder","8":"product_tag-mutze-haschen","9":"product_tag-mutze-hase","11":"first","12":"instock","13":"shipping-taxable","14":"purchasable","15":"product-type-variable","16":"has-default-attributes"},"_links":{"self":[{"href":"https:\/\/teddyshatsworld.com\/de\/wp-json\/wp\/v2\/product\/19363","targetHints":{"allow":["GET"]}}],"collection":[{"href":"https:\/\/teddyshatsworld.com\/de\/wp-json\/wp\/v2\/product"}],"about":[{"href":"https:\/\/teddyshatsworld.com\/de\/wp-json\/wp\/v2\/types\/product"}],"replies":[{"embeddable":true,"href":"https:\/\/teddyshatsworld.com\/de\/wp-json\/wp\/v2\/comments?post=19363"}],"wp:featuredmedia":[{"embeddable":true,"href":"https:\/\/teddyshatsworld.com\/de\/wp-json\/wp\/v2\/media\/19697"}],"wp:attachment":[{"href":"https:\/\/teddyshatsworld.com\/de\/wp-json\/wp\/v2\/media?parent=19363"}],"wp:term":[{"taxonomy":"product_brand","embeddable":true,"href":"https:\/\/teddyshatsworld.com\/de\/wp-json\/wp\/v2\/product_brand?post=19363"},{"taxonomy":"product_cat","embeddable":true,"href":"https:\/\/teddyshatsworld.com\/de\/wp-json\/wp\/v2\/product_cat?post=19363"},{"taxonomy":"product_tag","embeddable":true,"href":"https:\/\/teddyshatsworld.com\/de\/wp-json\/wp\/v2\/product_tag?post=19363"}],"curies":[{"name":"wp","href":"https:\/\/api.w.org\/{rel}","templated":true}]}}