{"id":19217,"date":"2024-01-13T20:26:45","date_gmt":"2024-01-13T19:26:45","guid":{"rendered":"https:\/\/teddyshatsworld.com\/produkt\/zestaw-mis-chaber\/"},"modified":"2025-06-22T09:12:52","modified_gmt":"2025-06-22T07:12:52","slug":"zestaw-mis-chaber","status":"publish","type":"product","link":"https:\/\/teddyshatsworld.com\/de\/produkt\/zestaw-mis-chaber\/","title":{"rendered":"Set B\u00e4rchen &#8222;Kornblume&#8220;"},"content":{"rendered":"<p>Ein wundersch\u00f6nes Set f\u00fcr Neugeborenen- und Kinderfotografie.<\/p>\n<p>Strampler mit Langhosen und langen \u00c4rmeln und dazu ein passendes M\u00fctzchen mit B\u00e4rchen Ohren<\/p>\n<p>Handw\u00e4sche, max. 30\u00b0C \/ liegend trocknen<\/p>\n<p>auf Bestellung, versandfertig in 2 Wochen<\/p>\n<p>Bitte schreiben Sie mir ein E-mail, wenn Sie nur Fragen haben \ud83d\ude42<\/p>\n","protected":false},"excerpt":{"rendered":"<p>Ein wundersch\u00f6nes Set f\u00fcr Neugeborenen- und Kinderfotografie. Strampler mit Langhosen und langen \u00c4rmeln und dazu ein passendes M\u00fctzchen mit B\u00e4rchen Ohren Handw\u00e4sche, max. 30\u00b0C \/ liegend trocknen auf Bestellung, versandfertig in 2 Wochen Bitte schreiben Sie mir ein E-mail, wenn Sie nur Fragen haben \ud83d\ude42<\/p>\n","protected":false},"featured_media":19279,"comment_status":"open","ping_status":"closed","template":"","meta":{"_monsterinsights_skip_tracking":false,"_monsterinsights_sitenote_active":false,"_monsterinsights_sitenote_note":"","_monsterinsights_sitenote_category":0},"product_brand":[],"product_cat":[126],"product_tag":[421,279,278,612],"class_list":{"0":"post-19217","1":"product","2":"type-product","3":"status-publish","4":"has-post-thumbnail","6":"product_cat-sets-de","7":"product_tag-bar-mutze","8":"product_tag-barchen-set-de","9":"product_tag-set-bar","10":"product_tag-zestaw-mis-chaber-de","12":"first","13":"instock","14":"shipping-taxable","15":"purchasable","16":"product-type-variable","17":"has-default-attributes"},"_links":{"self":[{"href":"https:\/\/teddyshatsworld.com\/de\/wp-json\/wp\/v2\/product\/19217","targetHints":{"allow":["GET"]}}],"collection":[{"href":"https:\/\/teddyshatsworld.com\/de\/wp-json\/wp\/v2\/product"}],"about":[{"href":"https:\/\/teddyshatsworld.com\/de\/wp-json\/wp\/v2\/types\/product"}],"replies":[{"embeddable":true,"href":"https:\/\/teddyshatsworld.com\/de\/wp-json\/wp\/v2\/comments?post=19217"}],"wp:featuredmedia":[{"embeddable":true,"href":"https:\/\/teddyshatsworld.com\/de\/wp-json\/wp\/v2\/media\/19279"}],"wp:attachment":[{"href":"https:\/\/teddyshatsworld.com\/de\/wp-json\/wp\/v2\/media?parent=19217"}],"wp:term":[{"taxonomy":"product_brand","embeddable":true,"href":"https:\/\/teddyshatsworld.com\/de\/wp-json\/wp\/v2\/product_brand?post=19217"},{"taxonomy":"product_cat","embeddable":true,"href":"https:\/\/teddyshatsworld.com\/de\/wp-json\/wp\/v2\/product_cat?post=19217"},{"taxonomy":"product_tag","embeddable":true,"href":"https:\/\/teddyshatsworld.com\/de\/wp-json\/wp\/v2\/product_tag?post=19217"}],"curies":[{"name":"wp","href":"https:\/\/api.w.org\/{rel}","templated":true}]}}