{"id":18575,"date":"2022-06-14T19:34:17","date_gmt":"2022-06-14T17:34:17","guid":{"rendered":"https:\/\/teddyshatsworld.com\/?post_type=product&#038;p=18575"},"modified":"2024-01-18T16:23:47","modified_gmt":"2024-01-18T15:23:47","slug":"set-hase-rosmarin","status":"publish","type":"product","link":"https:\/\/teddyshatsworld.com\/de\/produkt\/set-hase-rosmarin\/","title":{"rendered":"Set Hase &#8222;Rosmarin&#8220;"},"content":{"rendered":"<p>Ein wundersch\u00f6nes Set f\u00fcr Neugeborenen- und Kinderfotografie.<\/p>\n<p>Strampler mit Langhosen und langen \u00c4rmeln und dazu ein passendes M\u00fctzchen mit Hasenohren<\/p>\n<p>f\u00fcr die Gr\u00f6\u00dfe: Neugeborene, 1-3 Monate und 3-6 Monate stricke ich\u00a0 Strampler mit F\u00fc\u00dfchen, die Strampler f\u00fcr gr\u00f6\u00dfere Kinder stricke ich ohne F\u00fc\u00dfchen<\/p>\n<p>Handw\u00e4sche, max. 30\u00b0C \/ liegend trocknen<\/p>\n<p>auf Bestellung, versandfertig in 2 Wochen<\/p>\n<p>Bitte schreiben Sie mir ein E-mail, wenn Sie nur Fragen haben \ud83d\ude42<\/p>\n","protected":false},"excerpt":{"rendered":"<p><em>versandfertig in 2 Wochen<\/em><\/p>\n","protected":false},"featured_media":18735,"comment_status":"open","ping_status":"closed","template":"","meta":{"_monsterinsights_skip_tracking":false,"_monsterinsights_sitenote_active":false,"_monsterinsights_sitenote_note":"","_monsterinsights_sitenote_category":0},"product_brand":[],"product_cat":[125,126],"product_tag":[280,279,277,278],"class_list":{"0":"post-18575","1":"product","2":"type-product","3":"status-publish","4":"has-post-thumbnail","6":"product_cat-props-fur-kinder","7":"product_cat-sets-de","8":"product_tag-barchen-outfit-de","9":"product_tag-barchen-set-de","10":"product_tag-fotoaccessoires-de-3","11":"product_tag-set-bar","13":"first","14":"instock","15":"shipping-taxable","16":"purchasable","17":"product-type-variable","18":"has-default-attributes"},"_links":{"self":[{"href":"https:\/\/teddyshatsworld.com\/de\/wp-json\/wp\/v2\/product\/18575","targetHints":{"allow":["GET"]}}],"collection":[{"href":"https:\/\/teddyshatsworld.com\/de\/wp-json\/wp\/v2\/product"}],"about":[{"href":"https:\/\/teddyshatsworld.com\/de\/wp-json\/wp\/v2\/types\/product"}],"replies":[{"embeddable":true,"href":"https:\/\/teddyshatsworld.com\/de\/wp-json\/wp\/v2\/comments?post=18575"}],"wp:featuredmedia":[{"embeddable":true,"href":"https:\/\/teddyshatsworld.com\/de\/wp-json\/wp\/v2\/media\/18735"}],"wp:attachment":[{"href":"https:\/\/teddyshatsworld.com\/de\/wp-json\/wp\/v2\/media?parent=18575"}],"wp:term":[{"taxonomy":"product_brand","embeddable":true,"href":"https:\/\/teddyshatsworld.com\/de\/wp-json\/wp\/v2\/product_brand?post=18575"},{"taxonomy":"product_cat","embeddable":true,"href":"https:\/\/teddyshatsworld.com\/de\/wp-json\/wp\/v2\/product_cat?post=18575"},{"taxonomy":"product_tag","embeddable":true,"href":"https:\/\/teddyshatsworld.com\/de\/wp-json\/wp\/v2\/product_tag?post=18575"}],"curies":[{"name":"wp","href":"https:\/\/api.w.org\/{rel}","templated":true}]}}