{"id":1795,"date":"2020-02-23T11:52:46","date_gmt":"2020-02-23T10:52:46","guid":{"rendered":"https:\/\/teddyshatsworld.com\/produkt\/set-barchen-wit\/"},"modified":"2020-04-16T13:53:40","modified_gmt":"2020-04-16T11:53:40","slug":"set-barchen-wit","status":"publish","type":"product","link":"https:\/\/teddyshatsworld.com\/de\/produkt\/set-barchen-wit\/","title":{"rendered":"Set B\u00e4rchen &#8218;Wit&#8216; f\u00fcr Neugeborene"},"content":{"rendered":"<p>Ein wundersch\u00f6nes Set f\u00fcr Neugeborenenfotografie.<\/p>\n<p>Strampler mit Langhosen mit F\u00fc\u00dfchen und langen \u00c4rmeln und dazu ein passendes B\u00e4rchen M\u00fctzchen mit kleinen Ohren<\/p>\n<p>auf Bestellung, versandfertig in 2 Wochen<\/p>\n<p>Handw\u00e4sche, max. 30\u00b0C \/ liegend trocknen<\/p>\n<p>Bitte schreiben Sie mir ein E-mail, wenn Sie nur Fragen haben \ud83d\ude42<\/p>\n<p>&nbsp;<\/p>\n<p>Brauchen Sie eine Decke zum Set? Unten finden Sie passende Accessoires \u2193<\/p>\n","protected":false},"excerpt":{"rendered":"<p><em>versandfertig in 2 Wochen<\/em><\/p>\n","protected":false},"featured_media":1117,"comment_status":"open","ping_status":"closed","template":"","meta":{"_monsterinsights_skip_tracking":false,"_monsterinsights_sitenote_active":false,"_monsterinsights_sitenote_note":"","_monsterinsights_sitenote_category":0},"product_brand":[],"product_cat":[126],"product_tag":[190,189,167,182,263,264],"class_list":{"0":"post-1795","1":"product","2":"type-product","3":"status-publish","4":"has-post-thumbnail","6":"product_cat-sets-de","7":"product_tag-bar-outfit","8":"product_tag-bar-set","9":"product_tag-fotoaccessoires","10":"product_tag-fotoaccessoires-de","11":"product_tag-newborn-barchen-outfit","12":"product_tag-newborn-barchen-set","14":"first","15":"instock","16":"shipping-taxable","17":"purchasable","18":"product-type-variable"},"_links":{"self":[{"href":"https:\/\/teddyshatsworld.com\/de\/wp-json\/wp\/v2\/product\/1795","targetHints":{"allow":["GET"]}}],"collection":[{"href":"https:\/\/teddyshatsworld.com\/de\/wp-json\/wp\/v2\/product"}],"about":[{"href":"https:\/\/teddyshatsworld.com\/de\/wp-json\/wp\/v2\/types\/product"}],"replies":[{"embeddable":true,"href":"https:\/\/teddyshatsworld.com\/de\/wp-json\/wp\/v2\/comments?post=1795"}],"wp:featuredmedia":[{"embeddable":true,"href":"https:\/\/teddyshatsworld.com\/de\/wp-json\/wp\/v2\/media\/1117"}],"wp:attachment":[{"href":"https:\/\/teddyshatsworld.com\/de\/wp-json\/wp\/v2\/media?parent=1795"}],"wp:term":[{"taxonomy":"product_brand","embeddable":true,"href":"https:\/\/teddyshatsworld.com\/de\/wp-json\/wp\/v2\/product_brand?post=1795"},{"taxonomy":"product_cat","embeddable":true,"href":"https:\/\/teddyshatsworld.com\/de\/wp-json\/wp\/v2\/product_cat?post=1795"},{"taxonomy":"product_tag","embeddable":true,"href":"https:\/\/teddyshatsworld.com\/de\/wp-json\/wp\/v2\/product_tag?post=1795"}],"curies":[{"name":"wp","href":"https:\/\/api.w.org\/{rel}","templated":true}]}}