{"id":1719,"date":"2020-02-23T18:15:25","date_gmt":"2020-02-23T17:15:25","guid":{"rendered":"https:\/\/teddyshatsworld.com\/produkt\/mutze-hase-neugeborene\/"},"modified":"2020-06-07T00:16:31","modified_gmt":"2020-06-06T22:16:31","slug":"mutze-hase-neugeborene","status":"publish","type":"product","link":"https:\/\/teddyshatsworld.com\/de\/produkt\/mutze-hase-neugeborene\/","title":{"rendered":"M\u00fctze Hase mit Schlappohren f\u00fcr Neugeborene"},"content":{"rendered":"<p>Eine richtig s\u00fc\u00dfe M\u00fctze speziell f\u00fcr die Babyfotografie von Neugeborenen geeignet.<\/p>\n<p>Die M\u00fctze ist ganz weich und aus hochwertiger Wolle angefertigt. Ein wundersch\u00f6nes Accessoires f\u00fcr die sch\u00f6nsten Lieblingsbilder.<\/p>\n<p>auf Bestellung<\/p>\n<p>versandfertig in 2 Wochen<\/p>\n<p>Handw\u00e4sche, max. 30\u00b0C \/ liegend trocknen<\/p>\n<p>&nbsp;<\/p>\n<p>Brauchen Sie eine Decke zur M\u00fctze? Unten finden Sie Links zu passenden Props\u2193<\/p>\n","protected":false},"excerpt":{"rendered":"<p><em>versandfertig in 2 Wochen<\/em><\/p>\n","protected":false},"featured_media":1121,"comment_status":"open","ping_status":"closed","template":"","meta":{"_monsterinsights_skip_tracking":false,"_monsterinsights_sitenote_active":false,"_monsterinsights_sitenote_note":"","_monsterinsights_sitenote_category":0},"product_brand":[],"product_cat":[123],"product_tag":[167,241,242,244,240,243],"class_list":{"0":"post-1719","1":"product","2":"type-product","3":"status-publish","4":"has-post-thumbnail","6":"product_cat-mutzchen-de","7":"product_tag-fotoaccessoires","8":"product_tag-gefilztes-reh","9":"product_tag-gefilztes-reh-fotoaccessoires","10":"product_tag-reh","11":"product_tag-reh-fotoaccessoire","12":"product_tag-reh-fotoshooting","14":"first","15":"instock","16":"shipping-taxable","17":"purchasable","18":"product-type-variable"},"_links":{"self":[{"href":"https:\/\/teddyshatsworld.com\/de\/wp-json\/wp\/v2\/product\/1719","targetHints":{"allow":["GET"]}}],"collection":[{"href":"https:\/\/teddyshatsworld.com\/de\/wp-json\/wp\/v2\/product"}],"about":[{"href":"https:\/\/teddyshatsworld.com\/de\/wp-json\/wp\/v2\/types\/product"}],"replies":[{"embeddable":true,"href":"https:\/\/teddyshatsworld.com\/de\/wp-json\/wp\/v2\/comments?post=1719"}],"wp:featuredmedia":[{"embeddable":true,"href":"https:\/\/teddyshatsworld.com\/de\/wp-json\/wp\/v2\/media\/1121"}],"wp:attachment":[{"href":"https:\/\/teddyshatsworld.com\/de\/wp-json\/wp\/v2\/media?parent=1719"}],"wp:term":[{"taxonomy":"product_brand","embeddable":true,"href":"https:\/\/teddyshatsworld.com\/de\/wp-json\/wp\/v2\/product_brand?post=1719"},{"taxonomy":"product_cat","embeddable":true,"href":"https:\/\/teddyshatsworld.com\/de\/wp-json\/wp\/v2\/product_cat?post=1719"},{"taxonomy":"product_tag","embeddable":true,"href":"https:\/\/teddyshatsworld.com\/de\/wp-json\/wp\/v2\/product_tag?post=1719"}],"curies":[{"name":"wp","href":"https:\/\/api.w.org\/{rel}","templated":true}]}}