{"id":1674,"date":"2020-02-23T18:49:00","date_gmt":"2020-02-23T17:49:00","guid":{"rendered":"https:\/\/teddyshatsworld.com\/produkt\/reh-gefilztes-tier-versandfertig\/"},"modified":"2021-10-03T11:01:12","modified_gmt":"2021-10-03T09:01:12","slug":"reh-gefilztes-tier-versandfertig","status":"publish","type":"product","link":"https:\/\/teddyshatsworld.com\/de\/produkt\/reh-gefilztes-tier-versandfertig\/","title":{"rendered":"Reh &#8211; gefilztes Tier &#8211; versandfertig"},"content":{"rendered":"<p>Ein s\u00fc\u00dfes kleines gefilztes Reh f\u00fcrs Fotoshooting<\/p>\n<p>Gr\u00f6\u00dfe: etwa 8-9 cm<\/p>\n<p>Andere Tiere (Fotoaccessoires) k\u00f6nnen Sie in der Kategierie &#8218;Fielztiere&#8216; finden<\/p>\n","protected":false},"excerpt":{"rendered":"<p><em>Versand: in 2 Tagen<\/em><\/p>\n","protected":false},"featured_media":1151,"comment_status":"open","ping_status":"closed","template":"","meta":{"_monsterinsights_skip_tracking":false,"_monsterinsights_sitenote_active":false,"_monsterinsights_sitenote_note":"","_monsterinsights_sitenote_category":0},"product_brand":[],"product_cat":[121],"product_tag":[167,241,242,244,240,243],"class_list":{"0":"post-1674","1":"product","2":"type-product","3":"status-publish","4":"has-post-thumbnail","6":"product_cat-filztiere","7":"product_tag-fotoaccessoires","8":"product_tag-gefilztes-reh","9":"product_tag-gefilztes-reh-fotoaccessoires","10":"product_tag-reh","11":"product_tag-reh-fotoaccessoire","12":"product_tag-reh-fotoshooting","14":"first","15":"outofstock","16":"shipping-taxable","17":"purchasable","18":"product-type-simple"},"_links":{"self":[{"href":"https:\/\/teddyshatsworld.com\/de\/wp-json\/wp\/v2\/product\/1674","targetHints":{"allow":["GET"]}}],"collection":[{"href":"https:\/\/teddyshatsworld.com\/de\/wp-json\/wp\/v2\/product"}],"about":[{"href":"https:\/\/teddyshatsworld.com\/de\/wp-json\/wp\/v2\/types\/product"}],"replies":[{"embeddable":true,"href":"https:\/\/teddyshatsworld.com\/de\/wp-json\/wp\/v2\/comments?post=1674"}],"wp:featuredmedia":[{"embeddable":true,"href":"https:\/\/teddyshatsworld.com\/de\/wp-json\/wp\/v2\/media\/1151"}],"wp:attachment":[{"href":"https:\/\/teddyshatsworld.com\/de\/wp-json\/wp\/v2\/media?parent=1674"}],"wp:term":[{"taxonomy":"product_brand","embeddable":true,"href":"https:\/\/teddyshatsworld.com\/de\/wp-json\/wp\/v2\/product_brand?post=1674"},{"taxonomy":"product_cat","embeddable":true,"href":"https:\/\/teddyshatsworld.com\/de\/wp-json\/wp\/v2\/product_cat?post=1674"},{"taxonomy":"product_tag","embeddable":true,"href":"https:\/\/teddyshatsworld.com\/de\/wp-json\/wp\/v2\/product_tag?post=1674"}],"curies":[{"name":"wp","href":"https:\/\/api.w.org\/{rel}","templated":true}]}}