{"id":1671,"date":"2020-02-23T19:07:36","date_gmt":"2020-02-23T18:07:36","guid":{"rendered":"https:\/\/teddyshatsworld.com\/produkt\/schafchen-gefilztes-tier-versandfertig\/"},"modified":"2020-02-23T19:07:36","modified_gmt":"2020-02-23T18:07:36","slug":"schafchen-gefilztes-tier-versandfertig","status":"publish","type":"product","link":"https:\/\/teddyshatsworld.com\/de\/produkt\/schafchen-gefilztes-tier-versandfertig\/","title":{"rendered":"Sch\u00e4fchen &#8211; gefilztes Tier &#8211; versandfertig"},"content":{"rendered":"<p>Ein s\u00fc\u00dfes kleines gefilztes Sch\u00e4fchen f\u00fcrs Fotoshooting<\/p>\n<p>Gr\u00f6\u00dfe: etwa 8-9cm<\/p>\n<p>Andere Tiere (Fotoaccessoires) k\u00f6nnen Sie in der Kategierie &#8218;Fielztiere&#8216; finden<\/p>\n","protected":false},"excerpt":{"rendered":"<p><em>Versand: in 2 Tagen<\/em><\/p>\n","protected":false},"featured_media":1157,"comment_status":"open","ping_status":"closed","template":"","meta":{"_monsterinsights_skip_tracking":false,"_monsterinsights_sitenote_active":false,"_monsterinsights_sitenote_note":"","_monsterinsights_sitenote_category":0},"product_brand":[],"product_cat":[121],"product_tag":[182,220,234,232,233,219,226],"class_list":{"0":"post-1671","1":"product","2":"type-product","3":"status-publish","4":"has-post-thumbnail","6":"product_cat-filztiere","7":"product_tag-fotoaccessoires-de","8":"product_tag-fotoaccessoires-de-2","9":"product_tag-gefilztes-schaf","10":"product_tag-gefilztes-schafchen","11":"product_tag-gefilztes-schafen-fotoaccessoire","12":"product_tag-gefilztes-tier","13":"product_tag-handgefilzter-hase","15":"first","16":"outofstock","17":"shipping-taxable","18":"purchasable","19":"product-type-simple"},"_links":{"self":[{"href":"https:\/\/teddyshatsworld.com\/de\/wp-json\/wp\/v2\/product\/1671","targetHints":{"allow":["GET"]}}],"collection":[{"href":"https:\/\/teddyshatsworld.com\/de\/wp-json\/wp\/v2\/product"}],"about":[{"href":"https:\/\/teddyshatsworld.com\/de\/wp-json\/wp\/v2\/types\/product"}],"replies":[{"embeddable":true,"href":"https:\/\/teddyshatsworld.com\/de\/wp-json\/wp\/v2\/comments?post=1671"}],"wp:featuredmedia":[{"embeddable":true,"href":"https:\/\/teddyshatsworld.com\/de\/wp-json\/wp\/v2\/media\/1157"}],"wp:attachment":[{"href":"https:\/\/teddyshatsworld.com\/de\/wp-json\/wp\/v2\/media?parent=1671"}],"wp:term":[{"taxonomy":"product_brand","embeddable":true,"href":"https:\/\/teddyshatsworld.com\/de\/wp-json\/wp\/v2\/product_brand?post=1671"},{"taxonomy":"product_cat","embeddable":true,"href":"https:\/\/teddyshatsworld.com\/de\/wp-json\/wp\/v2\/product_cat?post=1671"},{"taxonomy":"product_tag","embeddable":true,"href":"https:\/\/teddyshatsworld.com\/de\/wp-json\/wp\/v2\/product_tag?post=1671"}],"curies":[{"name":"wp","href":"https:\/\/api.w.org\/{rel}","templated":true}]}}