{"id":1665,"date":"2020-02-23T19:25:01","date_gmt":"2020-02-23T18:25:01","guid":{"rendered":"https:\/\/teddyshatsworld.com\/produkt\/fuchs-gefilztes-tier-versandfertig\/"},"modified":"2020-03-10T14:00:00","modified_gmt":"2020-03-10T13:00:00","slug":"fuchs-gefilztes-tier-versandfertig","status":"publish","type":"product","link":"https:\/\/teddyshatsworld.com\/de\/produkt\/fuchs-gefilztes-tier-versandfertig\/","title":{"rendered":"Fuchs &#8211; gefilztes Tier &#8211; versandfertig"},"content":{"rendered":"<p>Ein s\u00fc\u00dfer kleiner gefilzter Fuchs f\u00fcrs Fotoshooting<\/p>\n<p>Gr\u00f6\u00dfe: etwa 8-9cm<\/p>\n<p>Andere Tiere (Fotoaccessoires) k\u00f6nnen Sie in der Kategierie &#8218;Fielztiere&#8216; finden<\/p>\n","protected":false},"excerpt":{"rendered":"<p><em>Versand: in 2 Tagen<\/em><\/p>\n","protected":false},"featured_media":1171,"comment_status":"open","ping_status":"closed","template":"","meta":{"_monsterinsights_skip_tracking":false,"_monsterinsights_sitenote_active":false,"_monsterinsights_sitenote_note":"","_monsterinsights_sitenote_category":0},"product_brand":[],"product_cat":[121],"product_tag":[182,220,167,168,221,219,222],"class_list":{"0":"post-1665","1":"product","2":"type-product","3":"status-publish","4":"has-post-thumbnail","6":"product_cat-filztiere","7":"product_tag-fotoaccessoires-de","8":"product_tag-fotoaccessoires-de-2","9":"product_tag-fotoaccessoires","10":"product_tag-fotoshooting","11":"product_tag-gefilzter-fuchs","12":"product_tag-gefilztes-tier","13":"product_tag-handgefilzter-fuchs","15":"first","16":"outofstock","17":"shipping-taxable","18":"purchasable","19":"product-type-simple"},"_links":{"self":[{"href":"https:\/\/teddyshatsworld.com\/de\/wp-json\/wp\/v2\/product\/1665","targetHints":{"allow":["GET"]}}],"collection":[{"href":"https:\/\/teddyshatsworld.com\/de\/wp-json\/wp\/v2\/product"}],"about":[{"href":"https:\/\/teddyshatsworld.com\/de\/wp-json\/wp\/v2\/types\/product"}],"replies":[{"embeddable":true,"href":"https:\/\/teddyshatsworld.com\/de\/wp-json\/wp\/v2\/comments?post=1665"}],"wp:featuredmedia":[{"embeddable":true,"href":"https:\/\/teddyshatsworld.com\/de\/wp-json\/wp\/v2\/media\/1171"}],"wp:attachment":[{"href":"https:\/\/teddyshatsworld.com\/de\/wp-json\/wp\/v2\/media?parent=1665"}],"wp:term":[{"taxonomy":"product_brand","embeddable":true,"href":"https:\/\/teddyshatsworld.com\/de\/wp-json\/wp\/v2\/product_brand?post=1665"},{"taxonomy":"product_cat","embeddable":true,"href":"https:\/\/teddyshatsworld.com\/de\/wp-json\/wp\/v2\/product_cat?post=1665"},{"taxonomy":"product_tag","embeddable":true,"href":"https:\/\/teddyshatsworld.com\/de\/wp-json\/wp\/v2\/product_tag?post=1665"}],"curies":[{"name":"wp","href":"https:\/\/api.w.org\/{rel}","templated":true}]}}