{"id":1662,"date":"2020-02-23T19:28:49","date_gmt":"2020-02-23T18:28:49","guid":{"rendered":"https:\/\/teddyshatsworld.com\/produkt\/set-barchen-panda-2\/"},"modified":"2020-03-10T14:15:46","modified_gmt":"2020-03-10T13:15:46","slug":"set-barchen-panda-2","status":"publish","type":"product","link":"https:\/\/teddyshatsworld.com\/de\/produkt\/set-barchen-panda-2\/","title":{"rendered":"Set B\u00e4rchen Panda f\u00fcr Neugeborene"},"content":{"rendered":"<p>Ein wundersch\u00f6nes Set f\u00fcr Neugeborenenfotografie.<\/p>\n<p>Strampler mit Langhosen mit F\u00fc\u00dfchen und langen \u00c4rmeln und dazu ein passendes M\u00fctzchen mit B\u00e4rchen Ohren in Farbe schwarz und wei\u00df<\/p>\n<p>Handw\u00e4sche, max. 30\u00b0C \/ liegend trocknen<\/p>\n<p>auf Bestellung, versandfertig in 2 Wochen<\/p>\n<p>Bitte schreiben Sie mir ein E-mail, wenn Sie nur Fragen haben \ud83d\ude42<\/p>\n","protected":false},"excerpt":{"rendered":"<p><em>versandfertig in 2 Wochen<\/em><\/p>\n","protected":false},"featured_media":1181,"comment_status":"open","ping_status":"closed","template":"","meta":{"_monsterinsights_skip_tracking":false,"_monsterinsights_sitenote_active":false,"_monsterinsights_sitenote_note":"","_monsterinsights_sitenote_category":0},"product_brand":[],"product_cat":[126],"product_tag":[182,168,213,206,212,205,207,214],"class_list":{"0":"post-1662","1":"product","2":"type-product","3":"status-publish","4":"has-post-thumbnail","6":"product_cat-sets-de","7":"product_tag-fotoaccessoires-de","8":"product_tag-fotoshooting","9":"product_tag-neugeborenes-panda-set","10":"product_tag-panda-outfit-de","11":"product_tag-panda-outfit-neugeborene","12":"product_tag-panda-set-de","13":"product_tag-panda-set-fotografie","14":"product_tag-panda-set-fur-neugeborene","16":"first","17":"instock","18":"shipping-taxable","19":"purchasable","20":"product-type-simple"},"_links":{"self":[{"href":"https:\/\/teddyshatsworld.com\/de\/wp-json\/wp\/v2\/product\/1662","targetHints":{"allow":["GET"]}}],"collection":[{"href":"https:\/\/teddyshatsworld.com\/de\/wp-json\/wp\/v2\/product"}],"about":[{"href":"https:\/\/teddyshatsworld.com\/de\/wp-json\/wp\/v2\/types\/product"}],"replies":[{"embeddable":true,"href":"https:\/\/teddyshatsworld.com\/de\/wp-json\/wp\/v2\/comments?post=1662"}],"wp:featuredmedia":[{"embeddable":true,"href":"https:\/\/teddyshatsworld.com\/de\/wp-json\/wp\/v2\/media\/1181"}],"wp:attachment":[{"href":"https:\/\/teddyshatsworld.com\/de\/wp-json\/wp\/v2\/media?parent=1662"}],"wp:term":[{"taxonomy":"product_brand","embeddable":true,"href":"https:\/\/teddyshatsworld.com\/de\/wp-json\/wp\/v2\/product_brand?post=1662"},{"taxonomy":"product_cat","embeddable":true,"href":"https:\/\/teddyshatsworld.com\/de\/wp-json\/wp\/v2\/product_cat?post=1662"},{"taxonomy":"product_tag","embeddable":true,"href":"https:\/\/teddyshatsworld.com\/de\/wp-json\/wp\/v2\/product_tag?post=1662"}],"curies":[{"name":"wp","href":"https:\/\/api.w.org\/{rel}","templated":true}]}}