{"id":16477,"date":"2021-01-07T11:32:44","date_gmt":"2021-01-07T10:32:45","guid":{"rendered":"https:\/\/teddyshatsworld.com\/?post_type=product&#038;p=16477"},"modified":"2021-08-25T09:05:55","modified_gmt":"2021-08-25T07:05:55","slug":"weihnachtsset-mit-sternchen2","status":"publish","type":"product","link":"https:\/\/teddyshatsworld.com\/de\/produkt\/weihnachtsset-mit-sternchen2\/","title":{"rendered":"Weihnachtsset mit Sternchen Nummer2"},"content":{"rendered":"<p>Ein wundersch\u00f6nes Weihnachtsset f\u00fcr Baby aus sehr weichem Garn gestrickt. Ein Strampler und dazu passende M\u00fctze mit Bommel.<\/p>\n<p>Das Set ist hangemacht mit einem melange-Garn<\/p>\n<p>&nbsp;<\/p>\n<p>Handw\u00e4sche, max. 30\u00b0C \/ liegend trocknen<\/p>\n<p>auf Bestellung,<\/p>\n<p>versandfertig in 2 Wochen<\/p>\n","protected":false},"excerpt":{"rendered":"<p><em>versandfertig in 2 Wochen<\/em><\/p>\n","protected":false},"featured_media":16493,"comment_status":"open","ping_status":"closed","template":"","meta":{"_monsterinsights_skip_tracking":false,"_monsterinsights_sitenote_active":false,"_monsterinsights_sitenote_note":"","_monsterinsights_sitenote_category":0},"product_brand":[],"product_cat":[588],"product_tag":[422,277,586,583,587,585,584],"class_list":{"0":"post-16477","1":"product","2":"type-product","3":"status-publish","4":"has-post-thumbnail","6":"product_cat-weihnachtssets","7":"product_tag-bonnet","8":"product_tag-fotoaccessoires-de-3","9":"product_tag-mutze-mit-bommel","10":"product_tag-nicolausset","11":"product_tag-set-fur-weihnachten","12":"product_tag-set-mit-sternchen","13":"product_tag-weihnachtsset","15":"first","16":"instock","17":"shipping-taxable","18":"purchasable","19":"product-type-variable","20":"has-default-attributes"},"_links":{"self":[{"href":"https:\/\/teddyshatsworld.com\/de\/wp-json\/wp\/v2\/product\/16477","targetHints":{"allow":["GET"]}}],"collection":[{"href":"https:\/\/teddyshatsworld.com\/de\/wp-json\/wp\/v2\/product"}],"about":[{"href":"https:\/\/teddyshatsworld.com\/de\/wp-json\/wp\/v2\/types\/product"}],"replies":[{"embeddable":true,"href":"https:\/\/teddyshatsworld.com\/de\/wp-json\/wp\/v2\/comments?post=16477"}],"wp:featuredmedia":[{"embeddable":true,"href":"https:\/\/teddyshatsworld.com\/de\/wp-json\/wp\/v2\/media\/16493"}],"wp:attachment":[{"href":"https:\/\/teddyshatsworld.com\/de\/wp-json\/wp\/v2\/media?parent=16477"}],"wp:term":[{"taxonomy":"product_brand","embeddable":true,"href":"https:\/\/teddyshatsworld.com\/de\/wp-json\/wp\/v2\/product_brand?post=16477"},{"taxonomy":"product_cat","embeddable":true,"href":"https:\/\/teddyshatsworld.com\/de\/wp-json\/wp\/v2\/product_cat?post=16477"},{"taxonomy":"product_tag","embeddable":true,"href":"https:\/\/teddyshatsworld.com\/de\/wp-json\/wp\/v2\/product_tag?post=16477"}],"curies":[{"name":"wp","href":"https:\/\/api.w.org\/{rel}","templated":true}]}}