{"id":16124,"date":"2020-11-11T10:15:21","date_gmt":"2020-11-11T09:15:22","guid":{"rendered":"https:\/\/teddyshatsworld.com\/?post_type=product&#038;p=16124"},"modified":"2021-01-06T21:00:01","modified_gmt":"2021-01-06T20:00:01","slug":"winterset-strampler-mutze-mit-kunstpelzbommel","status":"publish","type":"product","link":"https:\/\/teddyshatsworld.com\/de\/produkt\/winterset-strampler-mutze-mit-kunstpelzbommel\/","title":{"rendered":"Winter Set- Strampler + M\u00fctze mit Kunstpelzbommel"},"content":{"rendered":"<p>Ein wundersch\u00f6nes Winterset f\u00fcr Baby aus sehr weichem Garn gestrickt. Ein Strampler und dazu passene M\u00fctze mit Bommel \u00a0<\/p>\n<p>Handw\u00e4sche, max. 30\u00b0C \/ liegend trocknen<\/p>\n<p>auf Bestellung, versandfertig in 2 Wochen<\/p>\n","protected":false},"excerpt":{"rendered":"<p><em>versandfertig in 2 Wochen<\/em><\/p>\n","protected":false},"featured_media":16174,"comment_status":"open","ping_status":"closed","template":"","meta":{"_monsterinsights_skip_tracking":false,"_monsterinsights_sitenote_active":false,"_monsterinsights_sitenote_note":"","_monsterinsights_sitenote_category":0},"product_brand":[],"product_cat":[588],"product_tag":[422,594,595,277,586,583,587,584],"class_list":{"0":"post-16124","1":"product","2":"type-product","3":"status-publish","4":"has-post-thumbnail","6":"product_cat-weihnachtssets","7":"product_tag-bonnet","8":"product_tag-elch","9":"product_tag-elch-outfit","10":"product_tag-fotoaccessoires-de-3","11":"product_tag-mutze-mit-bommel","12":"product_tag-nicolausset","13":"product_tag-set-fur-weihnachten","14":"product_tag-weihnachtsset","16":"first","17":"instock","18":"shipping-taxable","19":"purchasable","20":"product-type-variable","21":"has-default-attributes"},"_links":{"self":[{"href":"https:\/\/teddyshatsworld.com\/de\/wp-json\/wp\/v2\/product\/16124","targetHints":{"allow":["GET"]}}],"collection":[{"href":"https:\/\/teddyshatsworld.com\/de\/wp-json\/wp\/v2\/product"}],"about":[{"href":"https:\/\/teddyshatsworld.com\/de\/wp-json\/wp\/v2\/types\/product"}],"replies":[{"embeddable":true,"href":"https:\/\/teddyshatsworld.com\/de\/wp-json\/wp\/v2\/comments?post=16124"}],"wp:featuredmedia":[{"embeddable":true,"href":"https:\/\/teddyshatsworld.com\/de\/wp-json\/wp\/v2\/media\/16174"}],"wp:attachment":[{"href":"https:\/\/teddyshatsworld.com\/de\/wp-json\/wp\/v2\/media?parent=16124"}],"wp:term":[{"taxonomy":"product_brand","embeddable":true,"href":"https:\/\/teddyshatsworld.com\/de\/wp-json\/wp\/v2\/product_brand?post=16124"},{"taxonomy":"product_cat","embeddable":true,"href":"https:\/\/teddyshatsworld.com\/de\/wp-json\/wp\/v2\/product_cat?post=16124"},{"taxonomy":"product_tag","embeddable":true,"href":"https:\/\/teddyshatsworld.com\/de\/wp-json\/wp\/v2\/product_tag?post=16124"}],"curies":[{"name":"wp","href":"https:\/\/api.w.org\/{rel}","templated":true}]}}