{"id":15983,"date":"2020-09-12T13:54:52","date_gmt":"2020-09-12T11:54:53","guid":{"rendered":"https:\/\/teddyshatsworld.com\/?post_type=product&#038;p=15983"},"modified":"2020-09-12T14:05:53","modified_gmt":"2020-09-12T12:05:53","slug":"weihnachtsset-elch-strampler-mutze-mit-kunstpelzbommel-kopia","status":"publish","type":"product","link":"https:\/\/teddyshatsworld.com\/de\/produkt\/weihnachtsset-elch-strampler-mutze-mit-kunstpelzbommel-kopia\/","title":{"rendered":"Weihnachtsset Elch f\u00fcr M\u00e4dchen"},"content":{"rendered":"<p>Ein wundersch\u00f6nes\u00a0 Weihnachtsset f\u00fcr M\u00e4dchen aus sehr weichem Garn gestrickt. Ein Kleid und dazu passendes Beret mit Bommel<\/p>\n<p>&nbsp;<\/p>\n<p>Handw\u00e4sche, max. 30\u00b0C \/ liegend trocknen<\/p>\n<p>auf Bestellung,<\/p>\n<p>versandfertig in 2 Wochen<\/p>\n","protected":false},"excerpt":{"rendered":"<p><em>versandfertig in 2 Wochen<\/em><\/p>\n","protected":false},"featured_media":15995,"comment_status":"open","ping_status":"closed","template":"","meta":{"_monsterinsights_skip_tracking":false,"_monsterinsights_sitenote_active":false,"_monsterinsights_sitenote_note":"","_monsterinsights_sitenote_category":0},"product_brand":[],"product_cat":[588],"product_tag":[422,594,595,277,586,583,587,584],"class_list":{"0":"post-15983","1":"product","2":"type-product","3":"status-publish","4":"has-post-thumbnail","6":"product_cat-weihnachtssets","7":"product_tag-bonnet","8":"product_tag-elch","9":"product_tag-elch-outfit","10":"product_tag-fotoaccessoires-de-3","11":"product_tag-mutze-mit-bommel","12":"product_tag-nicolausset","13":"product_tag-set-fur-weihnachten","14":"product_tag-weihnachtsset","16":"first","17":"instock","18":"shipping-taxable","19":"purchasable","20":"product-type-variable","21":"has-default-attributes"},"_links":{"self":[{"href":"https:\/\/teddyshatsworld.com\/de\/wp-json\/wp\/v2\/product\/15983","targetHints":{"allow":["GET"]}}],"collection":[{"href":"https:\/\/teddyshatsworld.com\/de\/wp-json\/wp\/v2\/product"}],"about":[{"href":"https:\/\/teddyshatsworld.com\/de\/wp-json\/wp\/v2\/types\/product"}],"replies":[{"embeddable":true,"href":"https:\/\/teddyshatsworld.com\/de\/wp-json\/wp\/v2\/comments?post=15983"}],"wp:featuredmedia":[{"embeddable":true,"href":"https:\/\/teddyshatsworld.com\/de\/wp-json\/wp\/v2\/media\/15995"}],"wp:attachment":[{"href":"https:\/\/teddyshatsworld.com\/de\/wp-json\/wp\/v2\/media?parent=15983"}],"wp:term":[{"taxonomy":"product_brand","embeddable":true,"href":"https:\/\/teddyshatsworld.com\/de\/wp-json\/wp\/v2\/product_brand?post=15983"},{"taxonomy":"product_cat","embeddable":true,"href":"https:\/\/teddyshatsworld.com\/de\/wp-json\/wp\/v2\/product_cat?post=15983"},{"taxonomy":"product_tag","embeddable":true,"href":"https:\/\/teddyshatsworld.com\/de\/wp-json\/wp\/v2\/product_tag?post=15983"}],"curies":[{"name":"wp","href":"https:\/\/api.w.org\/{rel}","templated":true}]}}