{"id":15759,"date":"2020-09-05T21:07:18","date_gmt":"2020-09-05T19:07:19","guid":{"rendered":"https:\/\/teddyshatsworld.com\/?post_type=product&#038;p=15759"},"modified":"2020-11-15T15:11:05","modified_gmt":"2020-11-15T14:11:05","slug":"grunes-weihnachtsset-mit-sternchen-kopia-2","status":"publish","type":"product","link":"https:\/\/teddyshatsworld.com\/de\/produkt\/grunes-weihnachtsset-mit-sternchen-kopia-2\/","title":{"rendered":"Weihnachtsset Elch"},"content":{"rendered":"<p>Ein wundersch\u00f6nes gr\u00fcnes Weihnachtsset f\u00fcr Baby aus sehr weichem Garn gestrickt. Ein Strampler und dazu passene M\u00fctze mit Bommel<\/p>\n<p>&nbsp;<\/p>\n<p>Handw\u00e4sche, max. 30\u00b0C \/ liegend trocknen<\/p>\n<p>auf Bestellung,<\/p>\n<p>versandfertig in 2 Wochen<\/p>\n","protected":false},"excerpt":{"rendered":"<p><em>versandfertig in 2 Wochen<\/em><\/p>\n","protected":false},"featured_media":16113,"comment_status":"open","ping_status":"closed","template":"","meta":{"_monsterinsights_skip_tracking":false,"_monsterinsights_sitenote_active":false,"_monsterinsights_sitenote_note":"","_monsterinsights_sitenote_category":0},"product_brand":[],"product_cat":[588],"product_tag":[422,594,595,277,586,583,587,584],"class_list":{"0":"post-15759","1":"product","2":"type-product","3":"status-publish","4":"has-post-thumbnail","6":"product_cat-weihnachtssets","7":"product_tag-bonnet","8":"product_tag-elch","9":"product_tag-elch-outfit","10":"product_tag-fotoaccessoires-de-3","11":"product_tag-mutze-mit-bommel","12":"product_tag-nicolausset","13":"product_tag-set-fur-weihnachten","14":"product_tag-weihnachtsset","16":"first","17":"instock","18":"shipping-taxable","19":"purchasable","20":"product-type-variable","21":"has-default-attributes"},"_links":{"self":[{"href":"https:\/\/teddyshatsworld.com\/de\/wp-json\/wp\/v2\/product\/15759","targetHints":{"allow":["GET"]}}],"collection":[{"href":"https:\/\/teddyshatsworld.com\/de\/wp-json\/wp\/v2\/product"}],"about":[{"href":"https:\/\/teddyshatsworld.com\/de\/wp-json\/wp\/v2\/types\/product"}],"replies":[{"embeddable":true,"href":"https:\/\/teddyshatsworld.com\/de\/wp-json\/wp\/v2\/comments?post=15759"}],"wp:featuredmedia":[{"embeddable":true,"href":"https:\/\/teddyshatsworld.com\/de\/wp-json\/wp\/v2\/media\/16113"}],"wp:attachment":[{"href":"https:\/\/teddyshatsworld.com\/de\/wp-json\/wp\/v2\/media?parent=15759"}],"wp:term":[{"taxonomy":"product_brand","embeddable":true,"href":"https:\/\/teddyshatsworld.com\/de\/wp-json\/wp\/v2\/product_brand?post=15759"},{"taxonomy":"product_cat","embeddable":true,"href":"https:\/\/teddyshatsworld.com\/de\/wp-json\/wp\/v2\/product_cat?post=15759"},{"taxonomy":"product_tag","embeddable":true,"href":"https:\/\/teddyshatsworld.com\/de\/wp-json\/wp\/v2\/product_tag?post=15759"}],"curies":[{"name":"wp","href":"https:\/\/api.w.org\/{rel}","templated":true}]}}