{"id":15716,"date":"2020-08-29T12:59:07","date_gmt":"2020-08-29T10:59:08","guid":{"rendered":"https:\/\/teddyshatsworld.com\/?post_type=product&#038;p=15716"},"modified":"2021-01-06T15:05:16","modified_gmt":"2021-01-06T14:05:16","slug":"grunes-weihnachtsset-mit-sternchen","status":"publish","type":"product","link":"https:\/\/teddyshatsworld.com\/de\/produkt\/grunes-weihnachtsset-mit-sternchen\/","title":{"rendered":"Gr\u00fcnes Weihnachtsset mit Sternchen"},"content":{"rendered":"<p>Ein wundersch\u00f6nes gr\u00fcnes Weihnachtsset f\u00fcr Baby aus sehr weichem Garn gestrickt. Ein Strampler und dazu passende M\u00fctze mit Bommel.<\/p>\n<p>Das Set ist hangemacht mit einem melange-Garn<\/p>\n<p>&nbsp;<\/p>\n<p>Handw\u00e4sche, max. 30\u00b0C \/ liegend trocknen<\/p>\n<p>auf Bestellung,<\/p>\n<p>versandfertig in 2 Wochen<\/p>\n","protected":false},"excerpt":{"rendered":"<p><em>versandfertig in 2 Wochen<\/em><\/p>\n","protected":false},"featured_media":15736,"comment_status":"open","ping_status":"closed","template":"","meta":{"_monsterinsights_skip_tracking":false,"_monsterinsights_sitenote_active":false,"_monsterinsights_sitenote_note":"","_monsterinsights_sitenote_category":0},"product_brand":[],"product_cat":[588],"product_tag":[422,277,586,583,587,585,584],"class_list":{"0":"post-15716","1":"product","2":"type-product","3":"status-publish","4":"has-post-thumbnail","6":"product_cat-weihnachtssets","7":"product_tag-bonnet","8":"product_tag-fotoaccessoires-de-3","9":"product_tag-mutze-mit-bommel","10":"product_tag-nicolausset","11":"product_tag-set-fur-weihnachten","12":"product_tag-set-mit-sternchen","13":"product_tag-weihnachtsset","15":"first","16":"instock","17":"shipping-taxable","18":"purchasable","19":"product-type-variable","20":"has-default-attributes"},"_links":{"self":[{"href":"https:\/\/teddyshatsworld.com\/de\/wp-json\/wp\/v2\/product\/15716","targetHints":{"allow":["GET"]}}],"collection":[{"href":"https:\/\/teddyshatsworld.com\/de\/wp-json\/wp\/v2\/product"}],"about":[{"href":"https:\/\/teddyshatsworld.com\/de\/wp-json\/wp\/v2\/types\/product"}],"replies":[{"embeddable":true,"href":"https:\/\/teddyshatsworld.com\/de\/wp-json\/wp\/v2\/comments?post=15716"}],"wp:featuredmedia":[{"embeddable":true,"href":"https:\/\/teddyshatsworld.com\/de\/wp-json\/wp\/v2\/media\/15736"}],"wp:attachment":[{"href":"https:\/\/teddyshatsworld.com\/de\/wp-json\/wp\/v2\/media?parent=15716"}],"wp:term":[{"taxonomy":"product_brand","embeddable":true,"href":"https:\/\/teddyshatsworld.com\/de\/wp-json\/wp\/v2\/product_brand?post=15716"},{"taxonomy":"product_cat","embeddable":true,"href":"https:\/\/teddyshatsworld.com\/de\/wp-json\/wp\/v2\/product_cat?post=15716"},{"taxonomy":"product_tag","embeddable":true,"href":"https:\/\/teddyshatsworld.com\/de\/wp-json\/wp\/v2\/product_tag?post=15716"}],"curies":[{"name":"wp","href":"https:\/\/api.w.org\/{rel}","templated":true}]}}