{"id":15686,"date":"2020-08-29T12:35:57","date_gmt":"2020-08-29T10:35:58","guid":{"rendered":"https:\/\/teddyshatsworld.com\/?post_type=product&#038;p=15686"},"modified":"2020-08-29T12:52:32","modified_gmt":"2020-08-29T10:52:32","slug":"weihnachtsset-mit-sternchen-elchmutze","status":"publish","type":"product","link":"https:\/\/teddyshatsworld.com\/de\/produkt\/weihnachtsset-mit-sternchen-elchmutze\/","title":{"rendered":"Weihnachtsset mit Sternchen &#8211; Elchm\u00fctze"},"content":{"rendered":"<p>Ein wundersch\u00f6nes Wihnachtsset f\u00fcr Baby aus sehr weichem Garn gestrickt. Ein Strampler und dazu passene M\u00fctze (Strampler f\u00fcr die Gr\u00f6\u00dfe Neugeborene ist mit F\u00fc\u00dfchen, f\u00fcr die Gr\u00f6\u00dfe 9-12 Monate ohne F\u00fc\u00dfchen gestrickt).<\/p>\n<p>&nbsp;<\/p>\n<p>Handw\u00e4sche, max. 30\u00b0C \/ liegend trocknen<\/p>\n<p>auf Bestellung,<\/p>\n<p>versandfertig in 2 Wochen<\/p>\n","protected":false},"excerpt":{"rendered":"<p><em>versandfertig in 2 Wochen<\/em><\/p>\n","protected":false},"featured_media":15698,"comment_status":"open","ping_status":"closed","template":"","meta":{"_monsterinsights_skip_tracking":false,"_monsterinsights_sitenote_active":false,"_monsterinsights_sitenote_note":"","_monsterinsights_sitenote_category":0},"product_brand":[],"product_cat":[588],"product_tag":[422,277,586,583,587,585,584],"class_list":{"0":"post-15686","1":"product","2":"type-product","3":"status-publish","4":"has-post-thumbnail","6":"product_cat-weihnachtssets","7":"product_tag-bonnet","8":"product_tag-fotoaccessoires-de-3","9":"product_tag-mutze-mit-bommel","10":"product_tag-nicolausset","11":"product_tag-set-fur-weihnachten","12":"product_tag-set-mit-sternchen","13":"product_tag-weihnachtsset","15":"first","16":"instock","17":"shipping-taxable","18":"purchasable","19":"product-type-variable"},"_links":{"self":[{"href":"https:\/\/teddyshatsworld.com\/de\/wp-json\/wp\/v2\/product\/15686","targetHints":{"allow":["GET"]}}],"collection":[{"href":"https:\/\/teddyshatsworld.com\/de\/wp-json\/wp\/v2\/product"}],"about":[{"href":"https:\/\/teddyshatsworld.com\/de\/wp-json\/wp\/v2\/types\/product"}],"replies":[{"embeddable":true,"href":"https:\/\/teddyshatsworld.com\/de\/wp-json\/wp\/v2\/comments?post=15686"}],"wp:featuredmedia":[{"embeddable":true,"href":"https:\/\/teddyshatsworld.com\/de\/wp-json\/wp\/v2\/media\/15698"}],"wp:attachment":[{"href":"https:\/\/teddyshatsworld.com\/de\/wp-json\/wp\/v2\/media?parent=15686"}],"wp:term":[{"taxonomy":"product_brand","embeddable":true,"href":"https:\/\/teddyshatsworld.com\/de\/wp-json\/wp\/v2\/product_brand?post=15686"},{"taxonomy":"product_cat","embeddable":true,"href":"https:\/\/teddyshatsworld.com\/de\/wp-json\/wp\/v2\/product_cat?post=15686"},{"taxonomy":"product_tag","embeddable":true,"href":"https:\/\/teddyshatsworld.com\/de\/wp-json\/wp\/v2\/product_tag?post=15686"}],"curies":[{"name":"wp","href":"https:\/\/api.w.org\/{rel}","templated":true}]}}