{"id":15575,"date":"2020-08-29T10:36:52","date_gmt":"2020-08-29T08:36:53","guid":{"rendered":"https:\/\/teddyshatsworld.com\/?post_type=product&#038;p=15575"},"modified":"2020-08-29T10:59:53","modified_gmt":"2020-08-29T08:59:53","slug":"elfe-set","status":"publish","type":"product","link":"https:\/\/teddyshatsworld.com\/de\/produkt\/elfe-set\/","title":{"rendered":"Elfe Set"},"content":{"rendered":"<p>Ein wundersch\u00f6nes Wihnachtsset f\u00fcr Baby aus sehr weichem Garn gestrickt. Ein Strampler + dazu passende M\u00fctze + Handschuhe + Kragen (Strampler f\u00fcr Neugeborene ist mit F\u00fc\u00dfchen, f\u00fcr die Gr\u00f6\u00dfe 9-12 Monate ohne F\u00fc\u00dfchen gestrickt).<\/p>\n<p>&nbsp;<\/p>\n<p>Handw\u00e4sche, max. 30\u00b0C \/ liegend trocknen<\/p>\n<p>auf Bestellung,<\/p>\n<p>versandfertig in 2 Wochen<\/p>\n","protected":false},"excerpt":{"rendered":"<p><em>versandfertig in 2 Wochen<\/em><\/p>\n","protected":false},"featured_media":15601,"comment_status":"open","ping_status":"closed","template":"","meta":{"_monsterinsights_skip_tracking":false,"_monsterinsights_sitenote_active":false,"_monsterinsights_sitenote_note":"","_monsterinsights_sitenote_category":0},"product_brand":[],"product_cat":[125,588],"product_tag":[422,277,586,583,587,585,584],"class_list":{"0":"post-15575","1":"product","2":"type-product","3":"status-publish","4":"has-post-thumbnail","6":"product_cat-props-fur-kinder","7":"product_cat-weihnachtssets","8":"product_tag-bonnet","9":"product_tag-fotoaccessoires-de-3","10":"product_tag-mutze-mit-bommel","11":"product_tag-nicolausset","12":"product_tag-set-fur-weihnachten","13":"product_tag-set-mit-sternchen","14":"product_tag-weihnachtsset","16":"first","17":"instock","18":"shipping-taxable","19":"purchasable","20":"product-type-variable"},"_links":{"self":[{"href":"https:\/\/teddyshatsworld.com\/de\/wp-json\/wp\/v2\/product\/15575","targetHints":{"allow":["GET"]}}],"collection":[{"href":"https:\/\/teddyshatsworld.com\/de\/wp-json\/wp\/v2\/product"}],"about":[{"href":"https:\/\/teddyshatsworld.com\/de\/wp-json\/wp\/v2\/types\/product"}],"replies":[{"embeddable":true,"href":"https:\/\/teddyshatsworld.com\/de\/wp-json\/wp\/v2\/comments?post=15575"}],"wp:featuredmedia":[{"embeddable":true,"href":"https:\/\/teddyshatsworld.com\/de\/wp-json\/wp\/v2\/media\/15601"}],"wp:attachment":[{"href":"https:\/\/teddyshatsworld.com\/de\/wp-json\/wp\/v2\/media?parent=15575"}],"wp:term":[{"taxonomy":"product_brand","embeddable":true,"href":"https:\/\/teddyshatsworld.com\/de\/wp-json\/wp\/v2\/product_brand?post=15575"},{"taxonomy":"product_cat","embeddable":true,"href":"https:\/\/teddyshatsworld.com\/de\/wp-json\/wp\/v2\/product_cat?post=15575"},{"taxonomy":"product_tag","embeddable":true,"href":"https:\/\/teddyshatsworld.com\/de\/wp-json\/wp\/v2\/product_tag?post=15575"}],"curies":[{"name":"wp","href":"https:\/\/api.w.org\/{rel}","templated":true}]}}