{"id":1556,"date":"2020-02-25T17:21:45","date_gmt":"2020-02-25T16:21:45","guid":{"rendered":"https:\/\/teddyshatsworld.com\/produkt\/barchen-set-strampler-mit-langen-hosen\/"},"modified":"2020-03-11T11:00:00","modified_gmt":"2020-03-11T10:00:00","slug":"barchen-set-strampler-mit-langen-hosen","status":"publish","type":"product","link":"https:\/\/teddyshatsworld.com\/de\/produkt\/barchen-set-strampler-mit-langen-hosen\/","title":{"rendered":"B\u00e4rchen Set &#8211; Strampler mit langen Hosen und langen \u00c4rmeln"},"content":{"rendered":"<p>Ein wundersch\u00f6nes Set f\u00fcr Kinderfotografie.<\/p>\n<p>Strampler mit Langhosen und langen \u00c4rmeln und dazu ein passendes M\u00fctzchen mit B\u00e4rchen Ohren.<\/p>\n<p>Hauptfoto: Set in Farbe 4<\/p>\n<p>Handw\u00e4sche, max. 30\u00b0C \/ liegend trocknen<\/p>\n<p>auf Bestellung, versandfertig in 2 Wochen<\/p>\n<p>&nbsp;<\/p>\n<p>Bitte schreiben Sie mir ein E-mail, wenn Sie nur Fragen haben \ud83d\ude42<\/p>\n","protected":false},"excerpt":{"rendered":"<p><em>versandfertig in 2 Wochen<\/em><\/p>\n","protected":false},"featured_media":1205,"comment_status":"open","ping_status":"closed","template":"","meta":{"_monsterinsights_skip_tracking":false,"_monsterinsights_sitenote_active":false,"_monsterinsights_sitenote_note":"","_monsterinsights_sitenote_category":0},"product_brand":[],"product_cat":[125],"product_tag":[190,189,192,194,182,193,191],"class_list":{"0":"post-1556","1":"product","2":"type-product","3":"status-publish","4":"has-post-thumbnail","6":"product_cat-props-fur-kinder","7":"product_tag-bar-outfit","8":"product_tag-bar-set","9":"product_tag-barchen-outfit","10":"product_tag-barchen-set","11":"product_tag-fotoaccessoires-de","12":"product_tag-set-fur-babies","13":"product_tag-set-fur-kinder","15":"first","16":"instock","17":"shipping-taxable","18":"purchasable","19":"product-type-variable"},"_links":{"self":[{"href":"https:\/\/teddyshatsworld.com\/de\/wp-json\/wp\/v2\/product\/1556","targetHints":{"allow":["GET"]}}],"collection":[{"href":"https:\/\/teddyshatsworld.com\/de\/wp-json\/wp\/v2\/product"}],"about":[{"href":"https:\/\/teddyshatsworld.com\/de\/wp-json\/wp\/v2\/types\/product"}],"replies":[{"embeddable":true,"href":"https:\/\/teddyshatsworld.com\/de\/wp-json\/wp\/v2\/comments?post=1556"}],"wp:featuredmedia":[{"embeddable":true,"href":"https:\/\/teddyshatsworld.com\/de\/wp-json\/wp\/v2\/media\/1205"}],"wp:attachment":[{"href":"https:\/\/teddyshatsworld.com\/de\/wp-json\/wp\/v2\/media?parent=1556"}],"wp:term":[{"taxonomy":"product_brand","embeddable":true,"href":"https:\/\/teddyshatsworld.com\/de\/wp-json\/wp\/v2\/product_brand?post=1556"},{"taxonomy":"product_cat","embeddable":true,"href":"https:\/\/teddyshatsworld.com\/de\/wp-json\/wp\/v2\/product_cat?post=1556"},{"taxonomy":"product_tag","embeddable":true,"href":"https:\/\/teddyshatsworld.com\/de\/wp-json\/wp\/v2\/product_tag?post=1556"}],"curies":[{"name":"wp","href":"https:\/\/api.w.org\/{rel}","templated":true}]}}