{"id":1456,"date":"2020-02-25T18:15:23","date_gmt":"2020-02-25T17:15:23","guid":{"rendered":"https:\/\/teddyshatsworld.com\/produkt\/outfit-mit-herzmuster\/"},"modified":"2020-04-06T13:08:50","modified_gmt":"2020-04-06T11:08:50","slug":"outfit-mit-herzmuster","status":"publish","type":"product","link":"https:\/\/teddyshatsworld.com\/de\/produkt\/outfit-mit-herzmuster\/","title":{"rendered":"Outfit mit Herzmuster (M\u00fctze mit Bommel) f\u00fcr Neugeborene"},"content":{"rendered":"<p>Ein ivory Strampler mit s\u00fc\u00dfem altrosa Herzmuster und dazu eine passende M\u00fctze in Altrosa mit Bommel<\/p>\n<p>Sehr weich<\/p>\n<p>Gr\u00f6\u00dfe: Neugeborene<\/p>\n<p>Handw\u00e4sche, max. 30\u00b0C \/ liegend trocknen<\/p>\n<p>&nbsp;<\/p>\n","protected":false},"excerpt":{"rendered":"<p><em>versandfertig: in 2 Wochen<\/em><\/p>\n","protected":false},"featured_media":1211,"comment_status":"open","ping_status":"closed","template":"","meta":{"_monsterinsights_skip_tracking":false,"_monsterinsights_sitenote_active":false,"_monsterinsights_sitenote_note":"","_monsterinsights_sitenote_category":0},"product_brand":[],"product_cat":[126],"product_tag":[182,168,184,185,186,183,188,187],"class_list":{"0":"post-1456","1":"product","2":"type-product","3":"status-publish","4":"has-post-thumbnail","6":"product_cat-sets-de","7":"product_tag-fotoaccessoires-de","8":"product_tag-fotoshooting","9":"product_tag-herzen-outfit","10":"product_tag-neugeborenes-outfit-mit-herzen","11":"product_tag-neugeborenes-set-mit-herzen","12":"product_tag-outfit-mit-herzmuster","13":"product_tag-set-mit-herzen","14":"product_tag-stramper-mit-herzen","16":"first","17":"instock","18":"shipping-taxable","19":"purchasable","20":"product-type-variable","21":"has-default-attributes"},"_links":{"self":[{"href":"https:\/\/teddyshatsworld.com\/de\/wp-json\/wp\/v2\/product\/1456","targetHints":{"allow":["GET"]}}],"collection":[{"href":"https:\/\/teddyshatsworld.com\/de\/wp-json\/wp\/v2\/product"}],"about":[{"href":"https:\/\/teddyshatsworld.com\/de\/wp-json\/wp\/v2\/types\/product"}],"replies":[{"embeddable":true,"href":"https:\/\/teddyshatsworld.com\/de\/wp-json\/wp\/v2\/comments?post=1456"}],"wp:featuredmedia":[{"embeddable":true,"href":"https:\/\/teddyshatsworld.com\/de\/wp-json\/wp\/v2\/media\/1211"}],"wp:attachment":[{"href":"https:\/\/teddyshatsworld.com\/de\/wp-json\/wp\/v2\/media?parent=1456"}],"wp:term":[{"taxonomy":"product_brand","embeddable":true,"href":"https:\/\/teddyshatsworld.com\/de\/wp-json\/wp\/v2\/product_brand?post=1456"},{"taxonomy":"product_cat","embeddable":true,"href":"https:\/\/teddyshatsworld.com\/de\/wp-json\/wp\/v2\/product_cat?post=1456"},{"taxonomy":"product_tag","embeddable":true,"href":"https:\/\/teddyshatsworld.com\/de\/wp-json\/wp\/v2\/product_tag?post=1456"}],"curies":[{"name":"wp","href":"https:\/\/api.w.org\/{rel}","templated":true}]}}