{"id":1452,"date":"2020-02-25T18:25:29","date_gmt":"2020-02-25T17:25:29","guid":{"rendered":"https:\/\/teddyshatsworld.com\/produkt\/fuchs-mutze\/"},"modified":"2020-03-10T21:38:59","modified_gmt":"2020-03-10T20:38:59","slug":"fuchs-mutze","status":"publish","type":"product","link":"https:\/\/teddyshatsworld.com\/de\/produkt\/fuchs-mutze\/","title":{"rendered":"Fuchs M\u00fctze f\u00fcr Neugeborene"},"content":{"rendered":"<p>Das gestickte M\u00fctze mit Fuchs Ohren f\u00fcrs Fotoshooting<\/p>\n<p>Gr\u00f6\u00dfe: Neugeborene<\/p>\n<p>auf Bestellung<\/p>\n<p>versandfertig in 2 Wochen<\/p>\n<p>Handw\u00e4sche, max. 30\u00b0C \/ liegend trocknen<\/p>\n","protected":false},"excerpt":{"rendered":"<p>versandfertig in 2 Wochen<\/p>\n","protected":false},"featured_media":1227,"comment_status":"open","ping_status":"closed","template":"","meta":{"_monsterinsights_skip_tracking":false,"_monsterinsights_sitenote_active":false,"_monsterinsights_sitenote_note":"","_monsterinsights_sitenote_category":0},"product_brand":[],"product_cat":[123],"product_tag":[167,168,162,158,159,160,157,163,164],"class_list":{"0":"post-1452","1":"product","2":"type-product","3":"status-publish","4":"has-post-thumbnail","6":"product_cat-mutzchen-de","7":"product_tag-fotoaccessoires","8":"product_tag-fotoshooting","9":"product_tag-fuchs-fur-neugeborene","10":"product_tag-fuchs-mutzchen","11":"product_tag-fuchs-mutze","12":"product_tag-fuchs-mutze-photo-prop","13":"product_tag-fuchs-set","14":"product_tag-neugeborene-fuchs-mutze","15":"product_tag-neugeborene-fuchs-set","17":"first","18":"instock","19":"shipping-taxable","20":"purchasable","21":"product-type-simple"},"_links":{"self":[{"href":"https:\/\/teddyshatsworld.com\/de\/wp-json\/wp\/v2\/product\/1452","targetHints":{"allow":["GET"]}}],"collection":[{"href":"https:\/\/teddyshatsworld.com\/de\/wp-json\/wp\/v2\/product"}],"about":[{"href":"https:\/\/teddyshatsworld.com\/de\/wp-json\/wp\/v2\/types\/product"}],"replies":[{"embeddable":true,"href":"https:\/\/teddyshatsworld.com\/de\/wp-json\/wp\/v2\/comments?post=1452"}],"wp:featuredmedia":[{"embeddable":true,"href":"https:\/\/teddyshatsworld.com\/de\/wp-json\/wp\/v2\/media\/1227"}],"wp:attachment":[{"href":"https:\/\/teddyshatsworld.com\/de\/wp-json\/wp\/v2\/media?parent=1452"}],"wp:term":[{"taxonomy":"product_brand","embeddable":true,"href":"https:\/\/teddyshatsworld.com\/de\/wp-json\/wp\/v2\/product_brand?post=1452"},{"taxonomy":"product_cat","embeddable":true,"href":"https:\/\/teddyshatsworld.com\/de\/wp-json\/wp\/v2\/product_cat?post=1452"},{"taxonomy":"product_tag","embeddable":true,"href":"https:\/\/teddyshatsworld.com\/de\/wp-json\/wp\/v2\/product_tag?post=1452"}],"curies":[{"name":"wp","href":"https:\/\/api.w.org\/{rel}","templated":true}]}}