{"id":13162,"date":"2020-05-30T11:55:50","date_gmt":"2020-05-30T09:55:50","guid":{"rendered":"https:\/\/teddyshatsworld.com\/?post_type=product&#038;p=13162"},"modified":"2020-05-30T12:17:35","modified_gmt":"2020-05-30T10:17:35","slug":"body-und-schlamutze-thymian-fur-neugeborene","status":"publish","type":"product","link":"https:\/\/teddyshatsworld.com\/de\/produkt\/body-und-schlamutze-thymian-fur-neugeborene\/","title":{"rendered":"Body und Schlafm\u00fctze &#8222;Thymian&#8220; f\u00fcr Neugeborene"},"content":{"rendered":"<p>Ein wundersch\u00f6nes Body mit langen \u00c4rmeln und passende Schlafm\u00fczte f\u00fcr Neugeborenen.<\/p>\n<p>Handw\u00e4sche, max. 30\u00b0C \/ liegend trocknen<\/p>\n<p>auf Bestellung, versandfertig in 2 Wochen<\/p>\n<p>&nbsp;<\/p>\n<p>Brauchen Sie eine B\u00e4rm\u00fctze oder eine Decke zu diesem Set? Unten finden Sie passende Accessoires \u2193<\/p>\n","protected":false},"excerpt":{"rendered":"<p><em>versandfertig in 2 Wochen<\/em><\/p>\n","protected":false},"featured_media":13045,"comment_status":"open","ping_status":"closed","template":"","meta":{"_monsterinsights_skip_tracking":false,"_monsterinsights_sitenote_active":false,"_monsterinsights_sitenote_note":"","_monsterinsights_sitenote_category":0},"product_brand":[],"product_cat":[126],"product_tag":[412,532,531,539,277,413,541,540,414],"class_list":{"0":"post-13162","1":"product","2":"type-product","3":"status-publish","4":"has-post-thumbnail","6":"product_cat-sets-de","7":"product_tag-anzug","8":"product_tag-body-de-2","9":"product_tag-body-de","10":"product_tag-body-mit-mutze","11":"product_tag-fotoaccessoires-de-3","12":"product_tag-romper-de","13":"product_tag-set-body-mit-mutze","14":"product_tag-set-body-mit-schlafmutze","15":"product_tag-strampler-fur-fotoshooting","17":"first","18":"instock","19":"shipping-taxable","20":"purchasable","21":"product-type-variable","22":"has-default-attributes"},"_links":{"self":[{"href":"https:\/\/teddyshatsworld.com\/de\/wp-json\/wp\/v2\/product\/13162","targetHints":{"allow":["GET"]}}],"collection":[{"href":"https:\/\/teddyshatsworld.com\/de\/wp-json\/wp\/v2\/product"}],"about":[{"href":"https:\/\/teddyshatsworld.com\/de\/wp-json\/wp\/v2\/types\/product"}],"replies":[{"embeddable":true,"href":"https:\/\/teddyshatsworld.com\/de\/wp-json\/wp\/v2\/comments?post=13162"}],"wp:featuredmedia":[{"embeddable":true,"href":"https:\/\/teddyshatsworld.com\/de\/wp-json\/wp\/v2\/media\/13045"}],"wp:attachment":[{"href":"https:\/\/teddyshatsworld.com\/de\/wp-json\/wp\/v2\/media?parent=13162"}],"wp:term":[{"taxonomy":"product_brand","embeddable":true,"href":"https:\/\/teddyshatsworld.com\/de\/wp-json\/wp\/v2\/product_brand?post=13162"},{"taxonomy":"product_cat","embeddable":true,"href":"https:\/\/teddyshatsworld.com\/de\/wp-json\/wp\/v2\/product_cat?post=13162"},{"taxonomy":"product_tag","embeddable":true,"href":"https:\/\/teddyshatsworld.com\/de\/wp-json\/wp\/v2\/product_tag?post=13162"}],"curies":[{"name":"wp","href":"https:\/\/api.w.org\/{rel}","templated":true}]}}