{"id":12962,"date":"2020-05-30T11:17:08","date_gmt":"2020-05-30T09:17:08","guid":{"rendered":"https:\/\/teddyshatsworld.com\/?post_type=product&#038;p=12962"},"modified":"2020-05-30T11:32:38","modified_gmt":"2020-05-30T09:32:38","slug":"body-thymian-fur-neugeborene","status":"publish","type":"product","link":"https:\/\/teddyshatsworld.com\/de\/produkt\/body-thymian-fur-neugeborene\/","title":{"rendered":"Body &#8222;Thymian&#8220; f\u00fcr Neugeborene"},"content":{"rendered":"<p>Ein wundersch\u00f6nes BODY mit langen \u00c4rmeln f\u00fcr Neugeborenen.<\/p>\n<p>Handw\u00e4sche, max. 30\u00b0C \/ liegend trocknen<\/p>\n<p>auf Bestellung, versandfertig in 2 Wochen<\/p>\n<p>&nbsp;<\/p>\n<p>Brauchen Sie eine Schlafm\u00fctze oder eine Decke zu diesem Body? Unten finden Sie passende Accessoires \u2193<\/p>\n","protected":false},"excerpt":{"rendered":"<p><em>versandfertig in 2 Wochen<\/em><\/p>\n","protected":false},"featured_media":13042,"comment_status":"open","ping_status":"closed","template":"","meta":{"_monsterinsights_skip_tracking":false,"_monsterinsights_sitenote_active":false,"_monsterinsights_sitenote_note":"","_monsterinsights_sitenote_category":0},"product_brand":[],"product_cat":[410],"product_tag":[412,531,532,277,413,415,411,414],"class_list":{"0":"post-12962","1":"product","2":"type-product","3":"status-publish","4":"has-post-thumbnail","6":"product_cat-strampler","7":"product_tag-anzug","8":"product_tag-body-de","9":"product_tag-body-de-2","10":"product_tag-fotoaccessoires-de-3","11":"product_tag-romper-de","12":"product_tag-romper-fur-fotoshoote","13":"product_tag-strampler","14":"product_tag-strampler-fur-fotoshooting","16":"first","17":"instock","18":"shipping-taxable","19":"purchasable","20":"product-type-variable"},"_links":{"self":[{"href":"https:\/\/teddyshatsworld.com\/de\/wp-json\/wp\/v2\/product\/12962","targetHints":{"allow":["GET"]}}],"collection":[{"href":"https:\/\/teddyshatsworld.com\/de\/wp-json\/wp\/v2\/product"}],"about":[{"href":"https:\/\/teddyshatsworld.com\/de\/wp-json\/wp\/v2\/types\/product"}],"replies":[{"embeddable":true,"href":"https:\/\/teddyshatsworld.com\/de\/wp-json\/wp\/v2\/comments?post=12962"}],"wp:featuredmedia":[{"embeddable":true,"href":"https:\/\/teddyshatsworld.com\/de\/wp-json\/wp\/v2\/media\/13042"}],"wp:attachment":[{"href":"https:\/\/teddyshatsworld.com\/de\/wp-json\/wp\/v2\/media?parent=12962"}],"wp:term":[{"taxonomy":"product_brand","embeddable":true,"href":"https:\/\/teddyshatsworld.com\/de\/wp-json\/wp\/v2\/product_brand?post=12962"},{"taxonomy":"product_cat","embeddable":true,"href":"https:\/\/teddyshatsworld.com\/de\/wp-json\/wp\/v2\/product_cat?post=12962"},{"taxonomy":"product_tag","embeddable":true,"href":"https:\/\/teddyshatsworld.com\/de\/wp-json\/wp\/v2\/product_tag?post=12962"}],"curies":[{"name":"wp","href":"https:\/\/api.w.org\/{rel}","templated":true}]}}