{"id":11725,"date":"2020-04-25T15:19:54","date_gmt":"2020-04-25T13:19:54","guid":{"rendered":"https:\/\/teddyshatsworld.com\/produkt\/decke-alpaca-und-seide-mit-schonen-saumen\/"},"modified":"2020-04-25T15:56:05","modified_gmt":"2020-04-25T13:56:05","slug":"decke-alpaca-und-seide-mit-schonen-saumen","status":"publish","type":"product","link":"https:\/\/teddyshatsworld.com\/de\/produkt\/decke-alpaca-und-seide-mit-schonen-saumen\/","title":{"rendered":"Decke &#8211; Alpaca und Seide mit sch\u00f6nen S\u00e4umen"},"content":{"rendered":"<p>Die Decke wird aus dem federleichten Garn gestrickt, das eine Mischung von weichem, geb\u00fcrstetem Alpaka superfine und Seide ist. Sie wird mit effektiven Garn s\u00e4umen.<\/p>\n<p>Farbe: creme\/natur<\/p>\n<p>auf Bestellung<\/p>\n<p>versandfertig in 2 Wochen<\/p>\n<p>Handw\u00e4sche, max. 30\u00b0C \/ liegend trocknen<\/p>\n","protected":false},"excerpt":{"rendered":"<p><em>versandfertig in 2 Wochen<\/em><\/p>\n","protected":false},"featured_media":11714,"comment_status":"open","ping_status":"closed","template":"","meta":{"_monsterinsights_skip_tracking":false,"_monsterinsights_sitenote_active":false,"_monsterinsights_sitenote_note":"","_monsterinsights_sitenote_category":0},"product_brand":[],"product_cat":[371],"product_tag":[508,510,480,509,386],"class_list":{"0":"post-11725","1":"product","2":"type-product","3":"status-publish","4":"has-post-thumbnail","6":"product_cat-decken-cocoons","7":"product_tag-accessoires","8":"product_tag-decke-de","9":"product_tag-fotoaccessoires-de-5","10":"product_tag-fotoaccessoires-de-6","11":"product_tag-wrap-de","13":"first","14":"instock","15":"shipping-taxable","16":"purchasable","17":"product-type-variable"},"_links":{"self":[{"href":"https:\/\/teddyshatsworld.com\/de\/wp-json\/wp\/v2\/product\/11725","targetHints":{"allow":["GET"]}}],"collection":[{"href":"https:\/\/teddyshatsworld.com\/de\/wp-json\/wp\/v2\/product"}],"about":[{"href":"https:\/\/teddyshatsworld.com\/de\/wp-json\/wp\/v2\/types\/product"}],"replies":[{"embeddable":true,"href":"https:\/\/teddyshatsworld.com\/de\/wp-json\/wp\/v2\/comments?post=11725"}],"wp:featuredmedia":[{"embeddable":true,"href":"https:\/\/teddyshatsworld.com\/de\/wp-json\/wp\/v2\/media\/11714"}],"wp:attachment":[{"href":"https:\/\/teddyshatsworld.com\/de\/wp-json\/wp\/v2\/media?parent=11725"}],"wp:term":[{"taxonomy":"product_brand","embeddable":true,"href":"https:\/\/teddyshatsworld.com\/de\/wp-json\/wp\/v2\/product_brand?post=11725"},{"taxonomy":"product_cat","embeddable":true,"href":"https:\/\/teddyshatsworld.com\/de\/wp-json\/wp\/v2\/product_cat?post=11725"},{"taxonomy":"product_tag","embeddable":true,"href":"https:\/\/teddyshatsworld.com\/de\/wp-json\/wp\/v2\/product_tag?post=11725"}],"curies":[{"name":"wp","href":"https:\/\/api.w.org\/{rel}","templated":true}]}}