{"id":11623,"date":"2020-04-24T14:44:28","date_gmt":"2020-04-24T12:44:28","guid":{"rendered":"https:\/\/teddyshatsworld.com\/?post_type=product&#038;p=11623"},"modified":"2020-04-25T14:55:02","modified_gmt":"2020-04-25T12:55:02","slug":"mutze-hase-thymian-mit-schlappohren-fur-neugeborene-kopia","status":"publish","type":"product","link":"https:\/\/teddyshatsworld.com\/de\/produkt\/mutze-hase-thymian-mit-schlappohren-fur-neugeborene-kopia\/","title":{"rendered":"M\u00fctze Hase &#8222;Thymian&#8220; f\u00fcr Kinder"},"content":{"rendered":"<p>Eine wundersch\u00f6ne M\u00fctze mit zweifarbigen Schlappohren f\u00fcr Kinder im Alter 6-12Monate aus Angorawolle gestrickt.<\/p>\n<p>in vielen Farben zug\u00e4nglich<\/p>\n<p>Handw\u00e4sche, max. 30\u00b0C \/ liegend trocknen<\/p>\n<p>auf Bestellung,<\/p>\n<p>versandfertig in 2 Wochen<\/p>\n<p>Bitte schreiben Sie mir ein E-mail, wenn Sie nur Fragen haben \ud83d\ude42<\/p>\n<p>&nbsp;<\/p>\n","protected":false},"excerpt":{"rendered":"<p><em>versandfertig in 2 Wochen<\/em><\/p>\n","protected":false},"featured_media":11703,"comment_status":"open","ping_status":"closed","template":"","meta":{"_monsterinsights_skip_tracking":false,"_monsterinsights_sitenote_active":false,"_monsterinsights_sitenote_note":"","_monsterinsights_sitenote_category":0},"product_brand":[],"product_cat":[125],"product_tag":[277,501,312,311,499,500],"class_list":{"0":"post-11623","1":"product","2":"type-product","3":"status-publish","4":"has-post-thumbnail","6":"product_cat-props-fur-kinder","7":"product_tag-fotoaccessoires-de-3","8":"product_tag-mutzchen-hase-de","9":"product_tag-mutzchen-hase","10":"product_tag-mutze-hase","11":"product_tag-mutze-hase-de","12":"product_tag-mutze-kaninchen","14":"first","15":"outofstock","16":"shipping-taxable","17":"purchasable","18":"product-type-simple"},"_links":{"self":[{"href":"https:\/\/teddyshatsworld.com\/de\/wp-json\/wp\/v2\/product\/11623","targetHints":{"allow":["GET"]}}],"collection":[{"href":"https:\/\/teddyshatsworld.com\/de\/wp-json\/wp\/v2\/product"}],"about":[{"href":"https:\/\/teddyshatsworld.com\/de\/wp-json\/wp\/v2\/types\/product"}],"replies":[{"embeddable":true,"href":"https:\/\/teddyshatsworld.com\/de\/wp-json\/wp\/v2\/comments?post=11623"}],"wp:featuredmedia":[{"embeddable":true,"href":"https:\/\/teddyshatsworld.com\/de\/wp-json\/wp\/v2\/media\/11703"}],"wp:attachment":[{"href":"https:\/\/teddyshatsworld.com\/de\/wp-json\/wp\/v2\/media?parent=11623"}],"wp:term":[{"taxonomy":"product_brand","embeddable":true,"href":"https:\/\/teddyshatsworld.com\/de\/wp-json\/wp\/v2\/product_brand?post=11623"},{"taxonomy":"product_cat","embeddable":true,"href":"https:\/\/teddyshatsworld.com\/de\/wp-json\/wp\/v2\/product_cat?post=11623"},{"taxonomy":"product_tag","embeddable":true,"href":"https:\/\/teddyshatsworld.com\/de\/wp-json\/wp\/v2\/product_tag?post=11623"}],"curies":[{"name":"wp","href":"https:\/\/api.w.org\/{rel}","templated":true}]}}