{"id":10676,"date":"2020-04-21T14:40:32","date_gmt":"2020-04-21T12:40:32","guid":{"rendered":"https:\/\/teddyshatsworld.com\/?post_type=product&#038;p=10676"},"modified":"2020-04-21T15:01:19","modified_gmt":"2020-04-21T13:01:19","slug":"schlafmutze-marjoram-fur-neugeborene","status":"publish","type":"product","link":"https:\/\/teddyshatsworld.com\/de\/produkt\/schlafmutze-marjoram-fur-neugeborene\/","title":{"rendered":"Schlafm\u00fctze &#8222;Majoran&#8220; f\u00fcr Neugeborene"},"content":{"rendered":"<p>Die Schlafm\u00fctze wird aus dem weichen und edlen Garn gestrickt, das eine exklusive Mischung aus Alpaka superfine und ist.<\/p>\n<p>auf Bestellung<\/p>\n<p>versandfertig in 2 Wochen<\/p>\n<p>Handw\u00e4sche, max. 30\u00b0C \/ liegend trocknen<\/p>\n<p>&nbsp;<\/p>\n<p>Brauchen Sie einen Strampler oder eine Decke zu dieser M\u00fctze? Unten finden Sie passende Accessoires\u2193<\/p>\n","protected":false},"excerpt":{"rendered":"<p><em>versandfertig in 2 Wochen<\/em><\/p>\n","protected":false},"featured_media":10716,"comment_status":"open","ping_status":"closed","template":"","meta":{"_monsterinsights_skip_tracking":false,"_monsterinsights_sitenote_active":false,"_monsterinsights_sitenote_note":"","_monsterinsights_sitenote_category":0},"product_brand":[],"product_cat":[123],"product_tag":[486,435,336,485,433,432],"class_list":{"0":"post-10676","1":"product","2":"type-product","3":"status-publish","4":"has-post-thumbnail","6":"product_cat-mutzchen-de","7":"product_tag-elf-mutze-de","8":"product_tag-elf-mutze","9":"product_tag-fotoshoote","10":"product_tag-mutze","11":"product_tag-schlafmutzchen","12":"product_tag-schlafmutze","14":"first","15":"instock","16":"shipping-taxable","17":"purchasable","18":"product-type-variable"},"_links":{"self":[{"href":"https:\/\/teddyshatsworld.com\/de\/wp-json\/wp\/v2\/product\/10676","targetHints":{"allow":["GET"]}}],"collection":[{"href":"https:\/\/teddyshatsworld.com\/de\/wp-json\/wp\/v2\/product"}],"about":[{"href":"https:\/\/teddyshatsworld.com\/de\/wp-json\/wp\/v2\/types\/product"}],"replies":[{"embeddable":true,"href":"https:\/\/teddyshatsworld.com\/de\/wp-json\/wp\/v2\/comments?post=10676"}],"wp:featuredmedia":[{"embeddable":true,"href":"https:\/\/teddyshatsworld.com\/de\/wp-json\/wp\/v2\/media\/10716"}],"wp:attachment":[{"href":"https:\/\/teddyshatsworld.com\/de\/wp-json\/wp\/v2\/media?parent=10676"}],"wp:term":[{"taxonomy":"product_brand","embeddable":true,"href":"https:\/\/teddyshatsworld.com\/de\/wp-json\/wp\/v2\/product_brand?post=10676"},{"taxonomy":"product_cat","embeddable":true,"href":"https:\/\/teddyshatsworld.com\/de\/wp-json\/wp\/v2\/product_cat?post=10676"},{"taxonomy":"product_tag","embeddable":true,"href":"https:\/\/teddyshatsworld.com\/de\/wp-json\/wp\/v2\/product_tag?post=10676"}],"curies":[{"name":"wp","href":"https:\/\/api.w.org\/{rel}","templated":true}]}}