{"id":10630,"date":"2020-04-20T07:50:00","date_gmt":"2020-04-20T05:50:00","guid":{"rendered":"https:\/\/teddyshatsworld.com\/?post_type=product&#038;p=10630"},"modified":"2020-04-21T14:38:12","modified_gmt":"2020-04-21T12:38:12","slug":"barchen-mutze-boucle","status":"publish","type":"product","link":"https:\/\/teddyshatsworld.com\/de\/produkt\/barchen-mutze-boucle\/","title":{"rendered":"B\u00e4rchen M\u00fctze &#8222;Boucle&#8220; f\u00fcr Neugeborene"},"content":{"rendered":"<p>Das gestickte M\u00fctze mit B\u00e4rchen Ohren f\u00fcrs Fotoshooting ist einem ausherrlich weichen Effektgarn gestrickt.<\/p>\n<p>Gr\u00f6\u00dfe: Neugeborene<\/p>\n<p>auf Bestellung<\/p>\n<p>versandfertig in 2 Wochen<\/p>\n<p>Handw\u00e4sche, max. 30\u00b0C \/ liegend trocknen<\/p>\n","protected":false},"excerpt":{"rendered":"<p><em>versandfertig in 2 Wochen<\/em><\/p>\n","protected":false},"featured_media":10634,"comment_status":"open","ping_status":"closed","template":"","meta":{"_monsterinsights_skip_tracking":false,"_monsterinsights_sitenote_active":false,"_monsterinsights_sitenote_note":"","_monsterinsights_sitenote_category":0},"product_brand":[],"product_cat":[123],"product_tag":[420,421,480,336,476,479,478,477],"class_list":{"0":"post-10630","1":"product","2":"type-product","3":"status-publish","4":"has-post-thumbnail","6":"product_cat-mutzchen-de","7":"product_tag-bar-mutzchen","8":"product_tag-bar-mutze","9":"product_tag-fotoaccessoires-de-5","10":"product_tag-fotoshoote","11":"product_tag-mutzchen","12":"product_tag-mutze-mit-barohren","13":"product_tag-mutze-mit-ohren","14":"product_tag-witzige-mutze","16":"first","17":"instock","18":"shipping-taxable","19":"purchasable","20":"product-type-variable"},"_links":{"self":[{"href":"https:\/\/teddyshatsworld.com\/de\/wp-json\/wp\/v2\/product\/10630","targetHints":{"allow":["GET"]}}],"collection":[{"href":"https:\/\/teddyshatsworld.com\/de\/wp-json\/wp\/v2\/product"}],"about":[{"href":"https:\/\/teddyshatsworld.com\/de\/wp-json\/wp\/v2\/types\/product"}],"replies":[{"embeddable":true,"href":"https:\/\/teddyshatsworld.com\/de\/wp-json\/wp\/v2\/comments?post=10630"}],"wp:featuredmedia":[{"embeddable":true,"href":"https:\/\/teddyshatsworld.com\/de\/wp-json\/wp\/v2\/media\/10634"}],"wp:attachment":[{"href":"https:\/\/teddyshatsworld.com\/de\/wp-json\/wp\/v2\/media?parent=10630"}],"wp:term":[{"taxonomy":"product_brand","embeddable":true,"href":"https:\/\/teddyshatsworld.com\/de\/wp-json\/wp\/v2\/product_brand?post=10630"},{"taxonomy":"product_cat","embeddable":true,"href":"https:\/\/teddyshatsworld.com\/de\/wp-json\/wp\/v2\/product_cat?post=10630"},{"taxonomy":"product_tag","embeddable":true,"href":"https:\/\/teddyshatsworld.com\/de\/wp-json\/wp\/v2\/product_tag?post=10630"}],"curies":[{"name":"wp","href":"https:\/\/api.w.org\/{rel}","templated":true}]}}