{"id":10429,"date":"2020-04-16T13:42:24","date_gmt":"2020-04-16T11:42:24","guid":{"rendered":"https:\/\/teddyshatsworld.com\/produkt\/set-schafchen-und-mutze-fur-neugeborene\/"},"modified":"2020-04-16T13:42:24","modified_gmt":"2020-04-16T11:42:24","slug":"set-schafchen-und-mutze-fur-neugeborene","status":"publish","type":"product","link":"https:\/\/teddyshatsworld.com\/de\/produkt\/set-schafchen-und-mutze-fur-neugeborene\/","title":{"rendered":"Set- Sch\u00e4fchen und M\u00fctze f\u00fcr Neugeborene"},"content":{"rendered":"<p>Eine wundersch\u00f6nes neugeborenen Set Sch\u00e4fchen f\u00fcr die Babyfotografie als Fotoaccessoires zur Neugeborenen Fotografie geeignet.<\/p>\n<p>Das Set besteht aus einem Lamm und eine passende M\u00fctze.<br \/>\nGr\u00f6\u00dfe: Neugeborene<\/p>\n<p>Handw\u00e4sche, max. 30\u00b0C \/ liegend trocknen<\/p>\n<p>Bitte schreiben Sie mir ein E-mail, wenn Sie nur Fragen haben \ud83d\ude42<\/p>\n<p>Brauchen Sie eine Decke zum Set? Unten finden Sie passende Accessoires \u2193<\/p>\n<p>&nbsp;<\/p>\n","protected":false},"excerpt":{"rendered":"<p>Eine wundersch\u00f6nes neugeborenen Set Sch\u00e4fchen f\u00fcr die Babyfotografie als Fotoaccessoires zur Neugeborenen Fotografie geeignet. Das Set besteht aus einem Lamm und eine passende M\u00fctze. Gr\u00f6\u00dfe: Neugeborene Handw\u00e4sche, max. 30\u00b0C \/ liegend trocknen Bitte schreiben Sie mir ein E-mail, wenn Sie nur Fragen haben \ud83d\ude42 Brauchen Sie eine Decke zum Set? Unten finden Sie passende Accessoires [&hellip;]<\/p>\n","protected":false},"featured_media":10424,"comment_status":"open","ping_status":"closed","template":"","meta":{"_monsterinsights_skip_tracking":false,"_monsterinsights_sitenote_active":false,"_monsterinsights_sitenote_note":"","_monsterinsights_sitenote_category":0},"product_brand":[],"product_cat":[456],"product_tag":[],"class_list":{"0":"post-10429","1":"product","2":"type-product","3":"status-publish","4":"has-post-thumbnail","6":"product_cat-tiere","8":"first","9":"instock","10":"shipping-taxable","11":"purchasable","12":"product-type-simple"},"_links":{"self":[{"href":"https:\/\/teddyshatsworld.com\/de\/wp-json\/wp\/v2\/product\/10429","targetHints":{"allow":["GET"]}}],"collection":[{"href":"https:\/\/teddyshatsworld.com\/de\/wp-json\/wp\/v2\/product"}],"about":[{"href":"https:\/\/teddyshatsworld.com\/de\/wp-json\/wp\/v2\/types\/product"}],"replies":[{"embeddable":true,"href":"https:\/\/teddyshatsworld.com\/de\/wp-json\/wp\/v2\/comments?post=10429"}],"wp:featuredmedia":[{"embeddable":true,"href":"https:\/\/teddyshatsworld.com\/de\/wp-json\/wp\/v2\/media\/10424"}],"wp:attachment":[{"href":"https:\/\/teddyshatsworld.com\/de\/wp-json\/wp\/v2\/media?parent=10429"}],"wp:term":[{"taxonomy":"product_brand","embeddable":true,"href":"https:\/\/teddyshatsworld.com\/de\/wp-json\/wp\/v2\/product_brand?post=10429"},{"taxonomy":"product_cat","embeddable":true,"href":"https:\/\/teddyshatsworld.com\/de\/wp-json\/wp\/v2\/product_cat?post=10429"},{"taxonomy":"product_tag","embeddable":true,"href":"https:\/\/teddyshatsworld.com\/de\/wp-json\/wp\/v2\/product_tag?post=10429"}],"curies":[{"name":"wp","href":"https:\/\/api.w.org\/{rel}","templated":true}]}}