{"id":10267,"date":"2020-04-06T13:37:59","date_gmt":"2020-04-06T11:38:05","guid":{"rendered":"https:\/\/teddyshatsworld.com\/?post_type=product&#038;p=10267"},"modified":"2020-06-07T00:16:32","modified_gmt":"2020-06-06T22:16:32","slug":"schlafmutze-thymian-fur-neugeborene","status":"publish","type":"product","link":"https:\/\/teddyshatsworld.com\/de\/produkt\/schlafmutze-thymian-fur-neugeborene\/","title":{"rendered":"Schlafm\u00fctze &#8222;Thymian&#8220; f\u00fcr Neugeborene"},"content":{"rendered":"<p>Eine wundersch\u00f6ne Schlafm\u00fctzet f\u00fcr Neugeborene aus Angorawolle gestrickt.<\/p>\n<p>in vielen Farben zug\u00e4nglich<\/p>\n<p>Handw\u00e4sche, max. 30\u00b0C \/ liegend trocknen<\/p>\n<p>auf Bestellung,<\/p>\n<p>versandfertig in 2 Wochen<\/p>\n<p>Bitte schreiben Sie mir ein E-mail, wenn Sie nur Fragen haben \ud83d\ude42<\/p>\n<p>Brauchen Sie einen Strampler oder eine Decke zur M\u00fctze? Unten finden Sie passende Accessoires \u2193<\/p>\n","protected":false},"excerpt":{"rendered":"<p><em>versandfertig in 2 Wochen<\/em><\/p>\n","protected":false},"featured_media":10347,"comment_status":"open","ping_status":"closed","template":"","meta":{"_monsterinsights_skip_tracking":false,"_monsterinsights_sitenote_active":false,"_monsterinsights_sitenote_note":"","_monsterinsights_sitenote_category":0},"product_brand":[],"product_cat":[123],"product_tag":[449,435,277,433,432],"class_list":{"0":"post-10267","1":"product","2":"type-product","3":"status-publish","4":"has-post-thumbnail","6":"product_cat-mutzchen-de","7":"product_tag-einfache-mutze","8":"product_tag-elf-mutze","9":"product_tag-fotoaccessoires-de-3","10":"product_tag-schlafmutzchen","11":"product_tag-schlafmutze","13":"first","14":"instock","15":"shipping-taxable","16":"purchasable","17":"product-type-variable"},"_links":{"self":[{"href":"https:\/\/teddyshatsworld.com\/de\/wp-json\/wp\/v2\/product\/10267","targetHints":{"allow":["GET"]}}],"collection":[{"href":"https:\/\/teddyshatsworld.com\/de\/wp-json\/wp\/v2\/product"}],"about":[{"href":"https:\/\/teddyshatsworld.com\/de\/wp-json\/wp\/v2\/types\/product"}],"replies":[{"embeddable":true,"href":"https:\/\/teddyshatsworld.com\/de\/wp-json\/wp\/v2\/comments?post=10267"}],"wp:featuredmedia":[{"embeddable":true,"href":"https:\/\/teddyshatsworld.com\/de\/wp-json\/wp\/v2\/media\/10347"}],"wp:attachment":[{"href":"https:\/\/teddyshatsworld.com\/de\/wp-json\/wp\/v2\/media?parent=10267"}],"wp:term":[{"taxonomy":"product_brand","embeddable":true,"href":"https:\/\/teddyshatsworld.com\/de\/wp-json\/wp\/v2\/product_brand?post=10267"},{"taxonomy":"product_cat","embeddable":true,"href":"https:\/\/teddyshatsworld.com\/de\/wp-json\/wp\/v2\/product_cat?post=10267"},{"taxonomy":"product_tag","embeddable":true,"href":"https:\/\/teddyshatsworld.com\/de\/wp-json\/wp\/v2\/product_tag?post=10267"}],"curies":[{"name":"wp","href":"https:\/\/api.w.org\/{rel}","templated":true}]}}