{"id":8546,"date":"2020-04-04T13:53:05","date_gmt":"2020-04-04T11:53:05","guid":{"rendered":"https:\/\/teddyshatsworld.com\/naleznosci-celno-podatkowe\/"},"modified":"2020-04-04T14:21:07","modified_gmt":"2020-04-04T12:21:07","slug":"naleznosci-celno-podatkowe","status":"publish","type":"page","link":"https:\/\/teddyshatsworld.com\/de\/naleznosci-celno-podatkowe\/","title":{"rendered":"Zoll und Steuern"},"content":{"rendered":"<p>Ich bin aus Polen. Wenn die Lieferung in UE-L\u00e4ndern stattfindet,\u00a0 dann m\u00fcssen Sie nichts mehr beim Empfang von Packet bezahlen.<\/p>\n<p><strong>In der Schweiz<\/strong> k\u00f6nnen Z\u00f6lle und Steuern erheben\/nur beim Bestellenswert weniger als 5 CHF werden Sie Zoll und Steuer erlassen.<\/p>\n<p>&nbsp;<\/p>\n<p>&nbsp;<\/p>\n","protected":false},"excerpt":{"rendered":"<p>Ich bin aus Polen. Wenn die Lieferung in UE-L\u00e4ndern stattfindet,\u00a0 dann m\u00fcssen Sie nichts mehr beim Empfang von Packet bezahlen. In der Schweiz k\u00f6nnen Z\u00f6lle und Steuern erheben\/nur beim Bestellenswert weniger als 5 CHF werden Sie Zoll und Steuer erlassen. &nbsp; &nbsp;<\/p>\n","protected":false},"author":1,"featured_media":0,"parent":0,"menu_order":0,"comment_status":"closed","ping_status":"closed","template":"","meta":{"_monsterinsights_skip_tracking":false,"_monsterinsights_sitenote_active":false,"_monsterinsights_sitenote_note":"","_monsterinsights_sitenote_category":0,"footnotes":""},"class_list":["post-8546","page","type-page","status-publish","hentry"],"_links":{"self":[{"href":"https:\/\/teddyshatsworld.com\/de\/wp-json\/wp\/v2\/pages\/8546","targetHints":{"allow":["GET"]}}],"collection":[{"href":"https:\/\/teddyshatsworld.com\/de\/wp-json\/wp\/v2\/pages"}],"about":[{"href":"https:\/\/teddyshatsworld.com\/de\/wp-json\/wp\/v2\/types\/page"}],"author":[{"embeddable":true,"href":"https:\/\/teddyshatsworld.com\/de\/wp-json\/wp\/v2\/users\/1"}],"replies":[{"embeddable":true,"href":"https:\/\/teddyshatsworld.com\/de\/wp-json\/wp\/v2\/comments?post=8546"}],"version-history":[{"count":2,"href":"https:\/\/teddyshatsworld.com\/de\/wp-json\/wp\/v2\/pages\/8546\/revisions"}],"predecessor-version":[{"id":8551,"href":"https:\/\/teddyshatsworld.com\/de\/wp-json\/wp\/v2\/pages\/8546\/revisions\/8551"}],"wp:attachment":[{"href":"https:\/\/teddyshatsworld.com\/de\/wp-json\/wp\/v2\/media?parent=8546"}],"curies":[{"name":"wp","href":"https:\/\/api.w.org\/{rel}","templated":true}]}}