{"id":3662,"date":"2020-03-28T14:16:45","date_gmt":"2020-03-28T13:16:45","guid":{"rendered":"https:\/\/teddyshatsworld.com\/lieferung\/"},"modified":"2020-03-31T15:17:56","modified_gmt":"2020-03-31T13:17:56","slug":"lieferung","status":"publish","type":"page","link":"https:\/\/teddyshatsworld.com\/de\/lieferung\/","title":{"rendered":"Lieferung"},"content":{"rendered":"<p>LIEFERUNG: STANDARD VERSAND<\/p>\n<p>Das Paket wird via Polish Post mit Sendungsnummer verschickt. Mit der Sendungsverfolgung behalten Sie in EU\u00df-L\u00e4ndern Ihre Sendung immer im Blick und k\u00f6nnen jederzeit den Status Ihrer Sendung einsehen.<\/p>\n<p>Lieferungszeit:<\/p>\n<p>\/Bitte beachten Sie darauf, dass Produktionszeit ist nicht in der Lieferungszeit mitgerechnet\/<\/p>\n<p>USA\/KANADA\/AUSTRALIEN &#8211; 45 Arbeitstage<\/p>\n<p>EUROPA &#8211; 14-21 Arbeitstage<\/p>\n<p>POLEN \u2013\u00a0 1-2 Arbeitstage<\/p>\n<p>&nbsp;<\/p>\n<p>LIEFERUNG: GLOBAL EXPRESS<\/p>\n<p>Das Paket wird via Polish Post mit Sendungsnummer verschickt. Mit der Sendungsverfolgung behalten Sie in EU\u00df-L\u00e4ndern Ihre Sendung immer im Blick und k\u00f6nnen jederzeit den Status Ihrer Sendung einsehen.<\/p>\n<p>Lieferungszeit:<\/p>\n<p>\/Bitte beachten Sie darauf, dass Produktionszeit ist nicht in der Lieferungszeit mitgerechnet\/<\/p>\n<p>USA\/KANADA\/AUSTRALIEN &#8211; 45 Arbeitstage<\/p>\n<p>EUROPA &#8211; 14 Arbeitstage<\/p>\n<p>&nbsp;<\/p>\n<p>LIEFERUNG: DHL<\/p>\n<p>Das Paket wird via DHL Express mit Sendungsnummer verschickt. Mit der Sendungsverfolgung behalten Sie Ihre Sendung immer im Blick und k\u00f6nnen jederzeit den Status Ihrer Sendung einsehen.<\/p>\n<p>Lieferungszeit:<\/p>\n<p>\/Bitte beachten Sie darauf, dass Produktionszeit ist nicht in der Lieferungszeit mitgerechnet\/<\/p>\n<p>USA\/KANADA\/AUSTRALIEN \u2013 2-4 Arbeitstage<\/p>\n<p>EUROPA &#8211; 1 Arbeitstag<\/p>\n<p>Telefonnummer ist f\u00fcr DHL EXPRESS erforderlich!<\/p>\n","protected":false},"excerpt":{"rendered":"<p>LIEFERUNG: STANDARD VERSAND Das Paket wird via Polish Post mit Sendungsnummer verschickt. Mit der Sendungsverfolgung behalten Sie in EU\u00df-L\u00e4ndern Ihre Sendung immer im Blick und k\u00f6nnen jederzeit den Status Ihrer Sendung einsehen. Lieferungszeit: \/Bitte beachten Sie darauf, dass Produktionszeit ist nicht in der Lieferungszeit mitgerechnet\/ USA\/KANADA\/AUSTRALIEN &#8211; 45 Arbeitstage EUROPA &#8211; 14-21 Arbeitstage POLEN \u2013\u00a0 [&hellip;]<\/p>\n","protected":false},"author":1,"featured_media":3581,"parent":0,"menu_order":0,"comment_status":"closed","ping_status":"closed","template":"","meta":{"_monsterinsights_skip_tracking":false,"_monsterinsights_sitenote_active":false,"_monsterinsights_sitenote_note":"","_monsterinsights_sitenote_category":0,"footnotes":""},"class_list":["post-3662","page","type-page","status-publish","has-post-thumbnail","hentry"],"_links":{"self":[{"href":"https:\/\/teddyshatsworld.com\/de\/wp-json\/wp\/v2\/pages\/3662","targetHints":{"allow":["GET"]}}],"collection":[{"href":"https:\/\/teddyshatsworld.com\/de\/wp-json\/wp\/v2\/pages"}],"about":[{"href":"https:\/\/teddyshatsworld.com\/de\/wp-json\/wp\/v2\/types\/page"}],"author":[{"embeddable":true,"href":"https:\/\/teddyshatsworld.com\/de\/wp-json\/wp\/v2\/users\/1"}],"replies":[{"embeddable":true,"href":"https:\/\/teddyshatsworld.com\/de\/wp-json\/wp\/v2\/comments?post=3662"}],"version-history":[{"count":1,"href":"https:\/\/teddyshatsworld.com\/de\/wp-json\/wp\/v2\/pages\/3662\/revisions"}],"predecessor-version":[{"id":5084,"href":"https:\/\/teddyshatsworld.com\/de\/wp-json\/wp\/v2\/pages\/3662\/revisions\/5084"}],"wp:featuredmedia":[{"embeddable":true,"href":"https:\/\/teddyshatsworld.com\/de\/wp-json\/wp\/v2\/media\/3581"}],"wp:attachment":[{"href":"https:\/\/teddyshatsworld.com\/de\/wp-json\/wp\/v2\/media?parent=3662"}],"curies":[{"name":"wp","href":"https:\/\/api.w.org\/{rel}","templated":true}]}}