{"id":1343,"date":"2020-03-03T21:58:51","date_gmt":"2020-03-03T20:58:51","guid":{"rendered":"https:\/\/teddyshatsworld.com\/ankuendigung\/"},"modified":"2020-03-28T10:22:36","modified_gmt":"2020-03-28T09:22:36","slug":"ankuendigung","status":"publish","type":"page","link":"https:\/\/teddyshatsworld.com\/de\/","title":{"rendered":"Ank\u00fcndigung"},"content":{"rendered":"<h4 class=\"ot-title\" style=\"text-align: center;\">NEUGEBORENE FOTO REQUISITEN<\/h4>\n<p style=\"text-align: center;\">Ich lade Euch zur Welt ein, in der sich jeder Neugeborenen- und Kinderfotograf gern f\u00fcr einige Momente verirrt. Die Welt des handgemachten Zubeh\u00f6rs f\u00fcr die Fotosession, das Eure Fotos noch sch\u00f6ner macht.<\/p>\n<p style=\"text-align: center;\">In der Neugeborenen- und Baby- und Kinderfotografie sind die Requisiten f\u00fcr die Fotosession das notwendige Element, dank dem Ihr eine sch\u00f6ne Szenografie schaffen und Deinem Foto das ungew\u00f6hnliche Klima geben k\u00f6nnt.<\/p>\n<p style=\"text-align: center;\">Ich sorgen daf\u00fcr, damit meine Props f\u00fcr die Session sich angenehm vom Knirps anf\u00fchlen, nicht kratzend, aus den nat\u00fcrlichen Materialien der hohen Qualit\u00e4t gemacht sind. Sie sollen nicht nur sch\u00f6n aussehen aber auch komfortable Nutzung versichern.<\/p>\n<p style=\"text-align: center;\">\n<p style=\"text-align: center;\">Danke f\u00fcr&#8217;s Nachsehen.<br \/>\nViel Spa\u00df beim Einkaufen !!<\/p>\n","protected":false},"excerpt":{"rendered":"<p>NEUGEBORENE FOTO REQUISITEN Ich lade Euch zur Welt ein, in der sich jeder Neugeborenen- und Kinderfotograf gern f\u00fcr einige Momente verirrt. Die Welt des handgemachten Zubeh\u00f6rs f\u00fcr die Fotosession, das Eure Fotos noch sch\u00f6ner macht. In der Neugeborenen- und Baby- und Kinderfotografie sind die Requisiten f\u00fcr die Fotosession das notwendige Element, dank dem Ihr eine [&hellip;]<\/p>\n","protected":false},"author":1,"featured_media":3581,"parent":0,"menu_order":0,"comment_status":"closed","ping_status":"closed","template":"","meta":{"_monsterinsights_skip_tracking":false,"_monsterinsights_sitenote_active":false,"_monsterinsights_sitenote_note":"","_monsterinsights_sitenote_category":0,"footnotes":""},"class_list":["post-1343","page","type-page","status-publish","has-post-thumbnail","hentry"],"_links":{"self":[{"href":"https:\/\/teddyshatsworld.com\/de\/wp-json\/wp\/v2\/pages\/1343","targetHints":{"allow":["GET"]}}],"collection":[{"href":"https:\/\/teddyshatsworld.com\/de\/wp-json\/wp\/v2\/pages"}],"about":[{"href":"https:\/\/teddyshatsworld.com\/de\/wp-json\/wp\/v2\/types\/page"}],"author":[{"embeddable":true,"href":"https:\/\/teddyshatsworld.com\/de\/wp-json\/wp\/v2\/users\/1"}],"replies":[{"embeddable":true,"href":"https:\/\/teddyshatsworld.com\/de\/wp-json\/wp\/v2\/comments?post=1343"}],"version-history":[{"count":4,"href":"https:\/\/teddyshatsworld.com\/de\/wp-json\/wp\/v2\/pages\/1343\/revisions"}],"predecessor-version":[{"id":3635,"href":"https:\/\/teddyshatsworld.com\/de\/wp-json\/wp\/v2\/pages\/1343\/revisions\/3635"}],"wp:featuredmedia":[{"embeddable":true,"href":"https:\/\/teddyshatsworld.com\/de\/wp-json\/wp\/v2\/media\/3581"}],"wp:attachment":[{"href":"https:\/\/teddyshatsworld.com\/de\/wp-json\/wp\/v2\/media?parent=1343"}],"curies":[{"name":"wp","href":"https:\/\/api.w.org\/{rel}","templated":true}]}}